{"id":9477,"date":"2026-03-18T09:16:48","date_gmt":"2026-03-18T06:16:48","guid":{"rendered":"https:\/\/www.mack.com.tr\/urunler\/kategorilenmemis\/mack-mce-1201-15-6-luna-eco-notebook-sirt-cantasi-siyah\/"},"modified":"2026-03-18T09:16:50","modified_gmt":"2026-03-18T06:16:50","slug":"mack-mce-1201-15-6-luna-eco-notebook-sirt-cantasi-siyah","status":"publish","type":"product","link":"https:\/\/www.mack.com.tr\/en\/products\/notebook-backpacks\/mack-mce-1201-15-6-luna-eco-notebook-sirt-cantasi-siyah\/","title":{"rendered":"MACK MCE-1201 15.6 LUNA Eco Notebook S\u0131rt \u00c7antas\u0131 Siyah"},"content":{"rendered":"<p>Mack Luna Eco MCE-1201 \u00c7evre Dostu Reflekt\u00f6rl\u00fc Laptop S\u0131rt \u00c7antas\u0131, Seyahat S\u0131rt \u00c7antas\u0131, Macbook S\u0131rt \u00c7antas\u0131, Erkek Kad\u0131n 15.6 in\u00e7 Bilgisayar \u00c7antas\u0131, Siyah<\/p>\n<p>\u00c7evreci ve Kaliteli Malzeme: Laptop \u00e7antas\u0131 \u00e7evre dostu geri d\u00f6n\u00fc\u015ft\u00fcr\u00fclm\u00fc\u015f su ge\u00e7irmez kuma\u015ftan \u00fcretilmi\u015f ve y\u00fcksek kaliteli YKK fermuar ile donat\u0131lm\u0131\u015ft\u0131r. Bilgisayar \u00e7antas\u0131n\u0131n t\u00fcm bile\u015fenleri Avrupa Birli\u011fi normlar\u0131na g\u00f6re T\u00fcrkiye&#8217;de \u00fcretilmi\u015ftir ve hi\u00e7bir zararl\u0131 madde i\u00e7ermez. Mack Laptop \u00e7antalar\u0131 ile bilgisayar\u0131n\u0131z\u0131 korurken ayn\u0131 zamanda \u00e7evreyi de koruyun.<\/p>\n<p>Ergonomik ve \u015f\u0131k tasar\u0131m\u0131 sayesinde Laptop S\u0131rt \u00e7antas\u0131 hem Seyahat \u00e7antas\u0131 hem de Okul \u00e7antas\u0131 olarak kullan\u0131labilir. Ayr\u0131ca aksesuarlar i\u00e7in \u00f6zel olarak tasarlanm\u0131\u015f \u00f6n ve i\u00e7 cepler, kullan\u0131c\u0131n\u0131n e\u015fyalar\u0131n\u0131 organize etmesine ve kolay eri\u015fim sa\u011flamas\u0131na yard\u0131mc\u0131 olur. Ayr\u0131ca notebook \u00e7antas\u0131 \u015fi\u015fe ve \u015femsiye i\u00e7in y\u00fcksek kaliteli fileden esnek yan ceplere sahiptir.<\/p>\n<p>Maksimum Koruma: Laptop s\u0131rt \u00e7antas\u0131, bilgisayar\u0131n\u0131za i\u00e7in ideal koruma sa\u011flayan y\u00fcksek yo\u011funluklu esnek k\u00f6p\u00fck ile desteklenmi\u015ftir.<\/p>\n<p>Rahat ve G\u00fcvenli Ta\u015f\u0131ma: S\u0131rt \u00e7antas\u0131, konforlu arka y\u00fczeyi ve ayarlanabilir omuz ask\u0131lar\u0131yla rahat bir ta\u015f\u0131ma sa\u011flarken, ayn\u0131 zamanda \u00f6n\u00fcnde bulunan reflekt\u00f6r sayesinde karanl\u0131kta g\u00f6r\u00fcn\u00fcrl\u00fc\u011f\u00fc art\u0131rarak g\u00fcvenli bir ta\u015f\u0131ma sunar.<\/p>\n<p>Ayr\u0131ca arkadaki bagaj ask\u0131s\u0131 sayesinde bilgisayar \u00e7antas\u0131n\u0131 valizinize sabitleyebilir ve seyahat ederken kolayca ta\u015f\u0131yabilirsiniz.<\/p>\n<p>\u0130deal Boyutlar: Siyah rengi ile hem erkek hem de kad\u0131n kullan\u0131c\u0131lar i\u00e7in uygun olan Laptop \u00e7antas\u0131 15.6 in\u00e7, 43*30*15 cm boyutlar\u0131 ve 19 L ile ideal bir depolama alan\u0131 sunar.<\/p>\n<p>Uyar\u0131: \u00fcr\u00fcn %100 su ge\u00e7irmez de\u011fildir. Yo\u011fun ya\u011fmur, suyla direkt temas veya uzun s\u00fcreli \u0131slakl\u0131k durumlar\u0131nda i\u00e7eriye su s\u0131zabilir. L\u00fctfen kullan\u0131m s\u0131ras\u0131nda bu durumu dikkate al\u0131n\u0131z.<\/p>\n","protected":false},"excerpt":{"rendered":"<table id=\"tablepress-1\" class=\"tablepress tablepress-id-1 dataTable no-footer\" role=\"grid\" aria-describedby=\"tablepress-1_info\">\n<tbody class=\"row-hover\">\n<tr class=\"row-1 odd\" role=\"row\">\n<td class=\"column-1\">Marka:<\/td>\n<td class=\"column-2\">MACK<\/td>\n<\/tr>\n<tr class=\"row-2 even\" role=\"row\">\n<td class=\"column-1\">\u00dcr\u00fcn Kategorisi:<\/td>\n<td class=\"column-2\">Eco Notebook S\u0131rt \u00c7antalar\u0131<\/td>\n<\/tr>\n<tr class=\"row-3 odd\" role=\"row\">\n<td class=\"column-1\">Net \u00dcr\u00fcn Kodu:<\/td>\n<td class=\"column-2\">3251<\/td>\n<\/tr>\n<tr class=\"row-4 even\" role=\"row\">\n<td class=\"column-1\">\u00dcr\u00fcn Barkod:<\/td>\n<td class=\"column-2\">8682998401216<\/td>\n<\/tr>\n<tr class=\"row-5 odd\" role=\"row\">\n<td class=\"column-1\">Garanti S\u00fcresi:<\/td>\n<td class=\"column-2\">2 Y\u0131l<\/td>\n<\/tr>\n<tr class=\"row-6 even\" role=\"row\">\n<td class=\"column-1\">Men\u015fei:<\/td>\n<td class=\"column-2\">Made in T\u00fcrkiye<\/td>\n<\/tr>\n<\/tbody>\n<\/table>\n","protected":false},"featured_media":11725,"comment_status":"closed","ping_status":"open","template":"","meta":{"_acf_changed":false},"product_brand":[],"product_cat":[574],"product_tag":[],"class_list":{"0":"post-9477","1":"product","2":"type-product","3":"status-publish","4":"has-post-thumbnail","6":"product_cat-notebook-backpacks","7":"pa_seri-luna","9":"first","10":"instock","11":"product-type-simple"},"acf":[],"_links":{"self":[{"href":"https:\/\/www.mack.com.tr\/en\/wp-json\/wp\/v2\/product\/9477","targetHints":{"allow":["GET"]}}],"collection":[{"href":"https:\/\/www.mack.com.tr\/en\/wp-json\/wp\/v2\/product"}],"about":[{"href":"https:\/\/www.mack.com.tr\/en\/wp-json\/wp\/v2\/types\/product"}],"replies":[{"embeddable":true,"href":"https:\/\/www.mack.com.tr\/en\/wp-json\/wp\/v2\/comments?post=9477"}],"wp:featuredmedia":[{"embeddable":true,"href":"https:\/\/www.mack.com.tr\/en\/wp-json\/wp\/v2\/media\/11725"}],"wp:attachment":[{"href":"https:\/\/www.mack.com.tr\/en\/wp-json\/wp\/v2\/media?parent=9477"}],"wp:term":[{"taxonomy":"product_brand","embeddable":true,"href":"https:\/\/www.mack.com.tr\/en\/wp-json\/wp\/v2\/product_brand?post=9477"},{"taxonomy":"product_cat","embeddable":true,"href":"https:\/\/www.mack.com.tr\/en\/wp-json\/wp\/v2\/product_cat?post=9477"},{"taxonomy":"product_tag","embeddable":true,"href":"https:\/\/www.mack.com.tr\/en\/wp-json\/wp\/v2\/product_tag?post=9477"}],"curies":[{"name":"wp","href":"https:\/\/api.w.org\/{rel}","templated":true}]}}