{"id":6438,"date":"2026-05-04T11:04:01","date_gmt":"2026-05-04T08:04:01","guid":{"rendered":"https:\/\/www.mack.com.tr\/urunler\/kategorilenmemis\/mack-mcc-602-14-1-unicity-3-0-notebook-cantasi-gri\/"},"modified":"2026-05-04T11:04:02","modified_gmt":"2026-05-04T08:04:02","slug":"mack-mcc-602-14-1-unicity-3-0-notebook-cantasi-gri","status":"publish","type":"product","link":"https:\/\/www.mack.com.tr\/en\/products\/laptop-briefcases\/handheld-shoulder-bag\/mack-mcc-602-14-1-unicity-3-0-notebook-cantasi-gri\/","title":{"rendered":"MACK MCC-602 14.1 UNICITY 3.0 Notebook \u00c7antas\u0131 Gri"},"content":{"rendered":"<p>\u00c7ift renkli, ergonomik ve \u015f\u0131k tasar\u0131m<br \/>\nY\u0131pranmaya ve suya kar\u015f\u0131 diren\u00e7li kuma\u015f yap\u0131s\u0131<br \/>\nSabitleme kemeri ile desteklenmi\u015f maksimum koruma sa\u011flayan  notebook b\u00f6l\u00fcm\u00fc<br \/>\n\u00d6nde fermuarl\u0131 cep<br \/>\nKullan\u0131m kolayl\u0131\u011f\u0131 sa\u011flayan ergonomik tutma kolu<br \/>\n\u00c7\u0131kar\u0131labilir ve ayarlanabilir omuz ask\u0131s\u0131<br \/>\n\u00c7ek\u00e7ekli \u00e7antalara entegre edilmeye imkan sa\u011flayan arka b\u00f6l\u00fcm<br \/>\n\u00d6l\u00e7\u00fcler: 28 * 36 * 5 cm<br \/>\nA\u011f\u0131rl\u0131k: 0,30kg<br \/>\nRenk: Gri<\/p>\n","protected":false},"excerpt":{"rendered":"<table id=\"tablepress-1\" class=\"tablepress tablepress-id-1 dataTable no-footer\" role=\"grid\" aria-describedby=\"tablepress-1_info\">\n<tbody class=\"row-hover\">\n<tr class=\"row-1 odd\" role=\"row\">\n<td class=\"column-1\">Marka:<\/td>\n<td class=\"column-2\">MACK<\/td>\n<\/tr>\n<tr class=\"row-2 even\" role=\"row\">\n<td class=\"column-1\">\u00dcr\u00fcn Kategorisi:<\/td>\n<td class=\"column-2\">Notebook \u00c7antalar\u0131<\/td>\n<\/tr>\n<tr class=\"row-3 odd\" role=\"row\">\n<td class=\"column-1\">Net \u00dcr\u00fcn Kodu:<\/td>\n<td class=\"column-2\">3064<\/td>\n<\/tr>\n<tr class=\"row-4 even\" role=\"row\">\n<td class=\"column-1\">\u00dcr\u00fcn Barkod:<\/td>\n<td class=\"column-2\">8682998400646<\/td>\n<\/tr>\n<tr class=\"row-5 odd\" role=\"row\">\n<td class=\"column-1\">Garanti S\u00fcresi:<\/td>\n<td class=\"column-2\">2 Y\u0131l<\/td>\n<\/tr>\n<tr class=\"row-6 even\" role=\"row\">\n<td class=\"column-1\">Men\u015fei:<\/td>\n<td class=\"column-2\">Made in T\u00fcrkiye<\/td>\n<\/tr>\n<\/tbody>\n<\/table>\n","protected":false},"featured_media":12544,"comment_status":"closed","ping_status":"open","template":"","meta":{"_acf_changed":false},"product_brand":[1101],"product_cat":[1109,1108],"product_tag":[],"class_list":{"0":"post-6438","1":"product","2":"type-product","3":"status-publish","4":"has-post-thumbnail","6":"product_brand-mack","7":"product_cat-el-ve-omuz-cantasi","8":"product_cat-tutmali-notebook-cantalari","9":"pa_seri-unicity-3-0","11":"first","12":"instock","13":"product-type-simple"},"acf":[],"_links":{"self":[{"href":"https:\/\/www.mack.com.tr\/en\/wp-json\/wp\/v2\/product\/6438","targetHints":{"allow":["GET"]}}],"collection":[{"href":"https:\/\/www.mack.com.tr\/en\/wp-json\/wp\/v2\/product"}],"about":[{"href":"https:\/\/www.mack.com.tr\/en\/wp-json\/wp\/v2\/types\/product"}],"replies":[{"embeddable":true,"href":"https:\/\/www.mack.com.tr\/en\/wp-json\/wp\/v2\/comments?post=6438"}],"wp:featuredmedia":[{"embeddable":true,"href":"https:\/\/www.mack.com.tr\/en\/wp-json\/wp\/v2\/media\/12544"}],"wp:attachment":[{"href":"https:\/\/www.mack.com.tr\/en\/wp-json\/wp\/v2\/media?parent=6438"}],"wp:term":[{"taxonomy":"product_brand","embeddable":true,"href":"https:\/\/www.mack.com.tr\/en\/wp-json\/wp\/v2\/product_brand?post=6438"},{"taxonomy":"product_cat","embeddable":true,"href":"https:\/\/www.mack.com.tr\/en\/wp-json\/wp\/v2\/product_cat?post=6438"},{"taxonomy":"product_tag","embeddable":true,"href":"https:\/\/www.mack.com.tr\/en\/wp-json\/wp\/v2\/product_tag?post=6438"}],"curies":[{"name":"wp","href":"https:\/\/api.w.org\/{rel}","templated":true}]}}