{"id":13224,"date":"2026-05-04T11:35:51","date_gmt":"2026-05-04T08:35:51","guid":{"rendered":"https:\/\/www.mack.com.tr\/urunler\/kategorilenmemis\/mack-mcc-006bl-15-6-office-notebook-sirt-cantasi-lacivert\/"},"modified":"2026-05-04T11:54:18","modified_gmt":"2026-05-04T08:54:18","slug":"mack-mcc-006bl-15-6-office-notebook-sirt-cantasi-lacivert","status":"publish","type":"product","link":"https:\/\/www.mack.com.tr\/en\/products\/backpacks\/notebook-backpacks\/mack-mcc-006bl-15-6-office-notebook-sirt-cantasi-lacivert\/","title":{"rendered":"MACK MCC-006BL 15.6 OFFICE Notebook S\u0131rt \u00c7antas\u0131 Lacivert"},"content":{"rendered":"<p>\u0130\u015f kullan\u0131m\u0131na uygun, dayan\u0131kl\u0131, hafif ve \u015f\u0131k tasar\u0131m<br \/>\nDahili USB \u015farj portu sayesinde \u00e7anta i\u00e7erisine yerle\u015ftirece\u011finiz powerbank yard\u0131m\u0131yla cep telefonunuzu kolayca \u015farj edebilme ( powerbank ayr\u0131 olarak sat\u0131l\u0131r )<br \/>\n\u00d6nde 1 adet organizasyon b\u00f6l\u00fcm\u00fc ve 1 adet fermuarl\u0131 \u00f6n cep<br \/>\nMaksimum koruma sa\u011flayan g\u00fc\u00e7lendirilmi\u015f notebook b\u00f6l\u00fcm\u00fc<br \/>\nKabartma desenli i\u00e7 astar<br \/>\nYumu\u015fak ve dayan\u0131kl\u0131 malzemeden \u00fcretilmi\u015f rahat ta\u015f\u0131ma kolu<br \/>\nAyarlanabilir omuz ask\u0131lar\u0131<br \/>\n\u00d6l\u00e7\u00fcler: 47*32*11 cm<br \/>\nHacim: 17 Litre<br \/>\nA\u011f\u0131rl\u0131k: 0,723 kg<br \/>\nRenk: Lacivert<\/p>\n","protected":false},"excerpt":{"rendered":"<table id=\"tablepress-1\" class=\"tablepress tablepress-id-1 dataTable no-footer\" role=\"grid\" aria-describedby=\"tablepress-1_info\">\n<tbody class=\"row-hover\">\n<tr class=\"row-1 odd\" role=\"row\">\n<td class=\"column-1\">Marka:<\/td>\n<td class=\"column-2\">MACK<\/td>\n<\/tr>\n<tr class=\"row-2 even\" role=\"row\">\n<td class=\"column-1\">\u00dcr\u00fcn Kategorisi:<\/td>\n<td class=\"column-2\">Notebook S\u0131rt \u00c7antalar\u0131<\/td>\n<\/tr>\n<tr class=\"row-3 odd\" role=\"row\">\n<td class=\"column-1\">Net \u00dcr\u00fcn Kodu:<\/td>\n<td class=\"column-2\">3390<\/td>\n<\/tr>\n<tr class=\"row-4 even\" role=\"row\">\n<td class=\"column-1\">\u00dcr\u00fcn Barkod:<\/td>\n<td class=\"column-2\">8682998401568<\/td>\n<\/tr>\n<tr class=\"row-5 odd\" role=\"row\">\n<td class=\"column-1\">Garanti S\u00fcresi:<\/td>\n<td class=\"column-2\">2 Y\u0131l<\/td>\n<\/tr>\n<tr class=\"row-6 even\" role=\"row\">\n<td class=\"column-1\">Men\u015fei:<\/td>\n<td class=\"column-2\">Made in T\u00fcrkiye<\/td>\n<\/tr>\n<\/tbody>\n<\/table>\n","protected":false},"featured_media":13225,"comment_status":"closed","ping_status":"closed","template":"","meta":{"_acf_changed":false},"product_brand":[1101],"product_cat":[1103,1102],"product_tag":[],"class_list":{"0":"post-13224","1":"product","2":"type-product","3":"status-publish","4":"has-post-thumbnail","6":"product_brand-mack","7":"product_cat-notebook-sirt-cantalari","8":"product_cat-sirt-cantalari","10":"first","11":"instock","12":"product-type-simple"},"acf":[],"_links":{"self":[{"href":"https:\/\/www.mack.com.tr\/en\/wp-json\/wp\/v2\/product\/13224","targetHints":{"allow":["GET"]}}],"collection":[{"href":"https:\/\/www.mack.com.tr\/en\/wp-json\/wp\/v2\/product"}],"about":[{"href":"https:\/\/www.mack.com.tr\/en\/wp-json\/wp\/v2\/types\/product"}],"replies":[{"embeddable":true,"href":"https:\/\/www.mack.com.tr\/en\/wp-json\/wp\/v2\/comments?post=13224"}],"wp:featuredmedia":[{"embeddable":true,"href":"https:\/\/www.mack.com.tr\/en\/wp-json\/wp\/v2\/media\/13225"}],"wp:attachment":[{"href":"https:\/\/www.mack.com.tr\/en\/wp-json\/wp\/v2\/media?parent=13224"}],"wp:term":[{"taxonomy":"product_brand","embeddable":true,"href":"https:\/\/www.mack.com.tr\/en\/wp-json\/wp\/v2\/product_brand?post=13224"},{"taxonomy":"product_cat","embeddable":true,"href":"https:\/\/www.mack.com.tr\/en\/wp-json\/wp\/v2\/product_cat?post=13224"},{"taxonomy":"product_tag","embeddable":true,"href":"https:\/\/www.mack.com.tr\/en\/wp-json\/wp\/v2\/product_tag?post=13224"}],"curies":[{"name":"wp","href":"https:\/\/api.w.org\/{rel}","templated":true}]}}