{"id":9542,"date":"2023-09-01T15:26:45","date_gmt":"2023-09-01T12:26:45","guid":{"rendered":"https:\/\/www.mack.com.tr\/kvkk-information-text\/teklif-formu-aydinlatma-metni\/"},"modified":"2024-07-08T08:53:46","modified_gmt":"2024-07-08T05:53:46","slug":"teklif-formu-aydinlatma-metni","status":"publish","type":"page","link":"https:\/\/www.mack.com.tr\/en\/kvkk-information-text\/teklif-formu-aydinlatma-metni\/","title":{"rendered":"Teklif Formu Ayd\u0131nlatma Metni"},"content":{"rendered":"<div class=\"wpb-content-wrapper\"><p>[vc_row][vc_column width=&#8221;1\/4&#8243;][stm_sidebar sidebar=&#8221;4080&#8243;][\/vc_column][vc_column width=&#8221;3\/4&#8243; css=&#8221;.vc_custom_1649411658345{margin-top: 15px !important;}&#8221;][vc_column_text]<\/p>\n<h1 style=\"text-align: center;\"><span style=\"font-size: 18pt; font-family: georgia, palatino, serif;\"><strong>Teklif Formu\u2019nda \u0130\u015flenen Ki\u015fisel Verilere \u0130li\u015fkin Ayd\u0131nlatma Metni<\/strong><\/span><\/h1>\n<p>\u0130\u015fbu Ayd\u0131nlatma Metni, veri sorumlusu s\u0131fat\u0131yla hareket eden Net Aksesuar Bili\u015fim \u00dcr\u00fcnleri San. Ve Tic. A.\u015e. taraf\u0131ndan, 6698 say\u0131l\u0131 Ki\u015fisel Verilerin Korunmas\u0131 Kanunu\u2019nun (\u201cKVKK\u201d) 10. maddesi ile Ayd\u0131nlatma Y\u00fck\u00fcml\u00fcl\u00fc\u011f\u00fcn\u00fcn Yerine Getirilmesinde Uyulacak Usul ve Esaslar Hakk\u0131nda Tebli\u011f \u00e7er\u00e7evesinde, ki\u015fisel verilerinizin i\u015flenme ama\u00e7lar\u0131, hukuki nedenleri, toplanma y\u00f6ntemi, kimlere aktar\u0131labilece\u011fi ve KVKK kapsam\u0131ndaki haklar\u0131n\u0131z konular\u0131na ili\u015fkin olarak sizleri bilgilendirmek amac\u0131yla haz\u0131rlanm\u0131\u015ft\u0131r.<\/p>\n<p>\u0130nternet sitemizdeki Teklif Formu arac\u0131l\u0131\u011f\u0131yla payla\u015ft\u0131\u011f\u0131n\u0131z ad soyad, telefon, e-posta adresi, firma unvan\u0131 vb. ki\u015fisel verileriniz, \u015firketimiz taraf\u0131ndan sunulan \u00fcr\u00fcn ve hizmetlerden ilgili ki\u015fileri faydaland\u0131rmak i\u00e7in gerekli \u00e7al\u0131\u015fmalar\u0131n i\u015f birimleri taraf\u0131ndan yap\u0131lmas\u0131, ilgili i\u015f s\u00fcre\u00e7lerinin y\u00fcr\u00fct\u00fclmesi, reklam ve kampanya faaliyetleri kapsam\u0131nda ticari elektronik ileti g\u00f6nderilebilmesi ama\u00e7lar\u0131yla i\u015flenmektedir.<\/p>\n<p>S\u00f6z konusu ki\u015fisel veriler, KVKK\u2019n\u0131n 5. maddesinde yer alan \u201cbir s\u00f6zle\u015fmenin kurulmas\u0131 veya ifas\u0131yla do\u011frudan do\u011fruya ilgili olmas\u0131 kayd\u0131yla, s\u00f6zle\u015fmenin taraflar\u0131na ait ki\u015fisel verilerin i\u015flenmesinin gerekli olmas\u0131\u201d hukuki sebebine dayanarak ve ileti\u015fim bilgileriniz sizlere ticari elektronik ileti g\u00f6nderebilmek amac\u0131yla <u>a\u00e7\u0131k r\u0131zan\u0131za dayanarak<\/u> otomatik yolla i\u015flenmektedir ve sadece hukuki uyu\u015fmazl\u0131klarda ilgili yarg\u0131 mercileriyle payla\u015f\u0131lacakt\u0131r.<\/p>\n<p>Kanun\u2019un ilgili ki\u015finin haklar\u0131n\u0131 d\u00fczenleyen 11. Maddesi kapsam\u0131ndaki taleplerinizi, \u201cVeri Sorumlusuna Ba\u015fvuru Usul ve Esaslar\u0131 Hakk\u0131nda Tebli\u011f\u2019e\u201d g\u00f6re, Sultan Selim Mah. Turan Sokak No:21\/3 Pk:34415 Ka\u011f\u0131thane \/ \u0130stanbul adresine yaz\u0131l\u0131 olarak g\u00f6nderebilir veya <a href=\"mailto:info@netbilisim-tr.com\">info@netbilisim-tr.com<\/a> e-posta adresine iletebilirsiniz.<\/p>\n<p>Kullanabilece\u011finiz bir ba\u015fvuru formu sizi bilgilendirmek ve sizlere kolayl\u0131k sa\u011flamak ad\u0131na internet sitemizde yay\u0131nlanm\u0131\u015ft\u0131r. <a href=\"\/kvkk\/Veri-Sorumlusuna-Basvuru-Formu.pdf\" target=\"_blank\" rel=\"noopener\"><u>\u0130lgili formu g\u00f6r\u00fcnt\u00fclemek i\u00e7in t\u0131klay\u0131n\u0131z.<\/u><\/a>[\/vc_column_text][\/vc_column][\/vc_row][vc_row full_width=&#8221;stretch_row&#8221; el_class=&#8221;third_bg_color&#8221; css=&#8221;.vc_custom_1710163960531{margin-top: 50px !important;margin-bottom: -60px !important;}&#8221;][vc_column][vc_cta h2=&#8221;\u201cmakes life easier!\u201d&#8221; h2_font_container=&#8221;tag:h2|font_size:20px|text_align:left|line_height:24px&#8221; h2_use_theme_fonts=&#8221;yes&#8221; shape=&#8221;square&#8221; style=&#8221;flat&#8221; add_button=&#8221;right&#8221; btn_title=&#8221;\u00dcr\u00fcn Katalo\u011fu&#8221; btn_style=&#8221;flat&#8221; btn_color=&#8221;theme_style_2&#8243; btn_align=&#8221;right&#8221; btn_i_align=&#8221;right&#8221; btn_i_icon_fontawesome=&#8221;fas fa-angle-right&#8221; use_custom_fonts_h2=&#8221;true&#8221; btn_button_block=&#8221;true&#8221; btn_add_icon=&#8221;true&#8221; el_class=&#8221;third_bg_color&#8221; css=&#8221;.vc_custom_1680172659109{margin-bottom: 0px !important;}&#8221; btn_link=&#8221;url:https%3A%2F%2Fwww.mack.com.tr%2Fwp-content%2Fuploads%2Fkatalog%2F2023%2520Mack%2520Katalog.pdf|title:Pdf%20%C3%9Cr%C3%BCn%20Katalo%C4%9Fu|target:_blank&#8221;][\/vc_cta][\/vc_column][\/vc_row]<\/p>\n<\/div>","protected":false},"excerpt":{"rendered":"<p>[vc_row][vc_column width=&#8221;1\/4&#8243;][stm_sidebar sidebar=&#8221;4080&#8243;][\/vc_column][vc_column width=&#8221;3\/4&#8243; css=&#8221;.vc_custom_1649411658345{margin-top: 15px !important;}&#8221;][vc_column_text] Teklif Formu\u2019nda \u0130\u015flenen Ki\u015fisel Verilere \u0130li\u015fkin Ayd\u0131nlatma Metni \u0130\u015fbu Ayd\u0131nlatma Metni, veri sorumlusu s\u0131fat\u0131yla hareket eden Net Aksesuar Bili\u015fim \u00dcr\u00fcnleri San. Ve Tic. A.\u015e. taraf\u0131ndan, 6698 say\u0131l\u0131 Ki\u015fisel Verilerin Korunmas\u0131 Kanunu\u2019nun (\u201cKVKK\u201d) 10. maddesi ile Ayd\u0131nlatma Y\u00fck\u00fcml\u00fcl\u00fc\u011f\u00fcn\u00fcn Yerine Getirilmesinde Uyulacak Usul ve Esaslar Hakk\u0131nda Tebli\u011f \u00e7er\u00e7evesinde, ki\u015fisel verilerinizin<\/p>\n","protected":false},"author":1,"featured_media":0,"parent":9394,"menu_order":0,"comment_status":"closed","ping_status":"closed","template":"","meta":{"_acf_changed":false,"footnotes":""},"class_list":["post-9542","page","type-page","status-publish","hentry"],"acf":[],"_links":{"self":[{"href":"https:\/\/www.mack.com.tr\/en\/wp-json\/wp\/v2\/pages\/9542","targetHints":{"allow":["GET"]}}],"collection":[{"href":"https:\/\/www.mack.com.tr\/en\/wp-json\/wp\/v2\/pages"}],"about":[{"href":"https:\/\/www.mack.com.tr\/en\/wp-json\/wp\/v2\/types\/page"}],"author":[{"embeddable":true,"href":"https:\/\/www.mack.com.tr\/en\/wp-json\/wp\/v2\/users\/1"}],"replies":[{"embeddable":true,"href":"https:\/\/www.mack.com.tr\/en\/wp-json\/wp\/v2\/comments?post=9542"}],"version-history":[{"count":0,"href":"https:\/\/www.mack.com.tr\/en\/wp-json\/wp\/v2\/pages\/9542\/revisions"}],"up":[{"embeddable":true,"href":"https:\/\/www.mack.com.tr\/en\/wp-json\/wp\/v2\/pages\/9394"}],"wp:attachment":[{"href":"https:\/\/www.mack.com.tr\/en\/wp-json\/wp\/v2\/media?parent=9542"}],"curies":[{"name":"wp","href":"https:\/\/api.w.org\/{rel}","templated":true}]}}