{"id":9403,"date":"2024-03-11T22:53:49","date_gmt":"2024-03-11T19:53:49","guid":{"rendered":"https:\/\/www.mack.com.tr\/kvkk-information-text\/contact-form-information-text\/"},"modified":"2024-03-11T22:53:50","modified_gmt":"2024-03-11T19:53:50","slug":"contact-form-information-text","status":"publish","type":"page","link":"https:\/\/www.mack.com.tr\/en\/kvkk-information-text\/contact-form-information-text\/","title":{"rendered":"Contact Form Information Text"},"content":{"rendered":"<div class=\"wpb-content-wrapper\"><p>[vc_row][vc_column width=&#8221;1\/4&#8243;][stm_sidebar sidebar=&#8221;4080&#8243;][\/vc_column][vc_column width=&#8221;3\/4&#8243;][vc_column_text]<\/p>\n<h1 style=\"text-align: center;\"><span style=\"font-size: 18pt;\">\u0130LET\u0130\u015e\u0130M FORMUNDA \u0130\u015eLENEN K\u0130\u015e\u0130SEL VER\u0130LERE \u0130L\u0130\u015eK\u0130N<\/span><br \/>\n<span style=\"font-size: 18pt;\">AYDINLATMA METN\u0130<\/span><\/h1>\n<p style=\"text-align: center;\"><span style=\"font-family: georgia, palatino, serif; font-size: 12pt;\">\u0130\u015fbu ayd\u0131nlatma metni, veri sorumlusu s\u0131fat\u0131yla hareket eden Net Aksesuar Bili\u015fim \u00dcr\u00fcnleri San. Ve Tic. A.\u015e. (\u201c<strong>Mack<\/strong>\u201d) taraf\u0131ndan, 6698 say\u0131l\u0131 Ki\u015fisel Verilerin Korunmas\u0131 Kanununun (\u201cKVKK\u201d) 10. maddesi ile Ayd\u0131nlatma Y\u00fck\u00fcml\u00fcl\u00fc\u011f\u00fcn\u00fcn Yerine Getirilmesinde Uyulacak Usul ve Esaslar Hakk\u0131nda Tebli\u011f \u00e7er\u00e7evesinde, ki\u015fisel verilerinizin i\u015flenme ama\u00e7lar\u0131, hukuki nedenleri, toplanma y\u00f6ntemi, kimlere aktar\u0131labilece\u011fi ve KVKK kapsam\u0131ndaki haklar\u0131n\u0131z konular\u0131na ili\u015fkin olarak sizleri bilgilendirmek amac\u0131yla haz\u0131rlanm\u0131\u015ft\u0131r.<\/span><\/p>\n<p>&nbsp;<\/p>\n<p><span style=\"font-family: georgia, palatino, serif; font-size: 12pt;\">\u0130nternet sitemizdeki ileti\u015fim formu arac\u0131l\u0131\u011f\u0131yla payla\u015ft\u0131\u011f\u0131n\u0131z ad, soyad\u0131 ve e-posta ki\u015fisel verileriniz, \u015firketimiz taraf\u0131ndan sunulan \u00fcr\u00fcn ve hizmetlerden ilgili ki\u015fileri faydaland\u0131rmak i\u00e7in gerekli \u00e7al\u0131\u015fmalar\u0131n i\u015f birimleri taraf\u0131ndan yap\u0131lmas\u0131, ilgili i\u015f s\u00fcre\u00e7lerinin y\u00fcr\u00fct\u00fclmesi ve ba\u015fvuruda bulundu\u011funuz konu hakk\u0131nda sizinle ileti\u015fim kurulabilmesi ama\u00e7lar\u0131yla i\u015flenmektedir. Ayr\u0131ca i\u015fbu form ile payla\u015ft\u0131\u011f\u0131n\u0131z bilgiler \u00fczerinde mutlak bir kontrol\u00fcm\u00fcz bulunmamaktad\u0131r. Bilmemizi istemedi\u011finiz ki\u015fisel verilerinizi ve \u00f6zel nitelikli ki\u015fisel verilerinizi \u015eirketimizle payla\u015fmaman\u0131z\u0131 tavsiye ederiz.<\/span><\/p>\n<p><span style=\"font-family: georgia, palatino, serif; font-size: 12pt;\">S\u00f6z konusu ki\u015fisel veriler, KVKK\u2019n\u0131n 5. maddesinde yer alan \u201cilgili ki\u015finin temel hak ve \u00f6zg\u00fcrl\u00fcklerine zarar vermemek kayd\u0131yla, veri sorumlusunun me\u015fru menfaatleri i\u00e7in veri i\u015flenmesinin zorunlu olmas\u0131\u201d ve \u201cveri sorumlusunun hukuki y\u00fck\u00fcml\u00fcl\u00fc\u011f\u00fcn\u00fc yerine getirebilmesi i\u00e7in zorunlu olmas\u0131\u201d hukuki sebeplerine dayanarak otomatik yolla i\u015flenmektedir ve sadece hukuki uyu\u015fmazl\u0131klarda ilgili yarg\u0131 mercileriyle payla\u015f\u0131lacakt\u0131r.<\/span><\/p>\n<p><span style=\"font-family: georgia, palatino, serif; font-size: 12pt;\">Kanunun ilgili ki\u015finin haklar\u0131n\u0131 d\u00fczenleyen 11. Maddesi kapsam\u0131ndaki taleplerinizi, \u201cVeri Sorumlusuna Ba\u015fvuru Usul ve Esaslar\u0131 Hakk\u0131nda Tebli\u011fe\u201d g\u00f6re, Sultan Selim Mah. Turan Sokak No:21\/3 Pk:34415 Ka\u011f\u0131thane \/ \u0130stanbul adresine yaz\u0131l\u0131 olarak g\u00f6nderebilir veya <a href=\"mailto:info@mack.com.tr\">info@mack.com.tr<\/a> \u00a0e-posta adresine iletebilirsiniz.<\/span><\/p>\n<p><span style=\"font-family: georgia, palatino, serif; font-size: 12pt;\">Kullanabilece\u011finiz bir ba\u015fvuru formu sizi bilgilendirmek ve sizlere kolayl\u0131k sa\u011flamak ad\u0131na internet sitemizde yay\u0131nlanm\u0131\u015ft\u0131r. <a href=\"https:\/\/www.netbilisim-tr.com\/kvkk\/Veri-Sorumlusuna-Basvuru-Formu.pdf\" target=\"_blank\" rel=\"noopener\"><u>\u0130lgili formu g\u00f6r\u00fcnt\u00fclemek i\u00e7in t\u0131klay\u0131n\u0131z.<\/u><\/a><\/span>[\/vc_column_text][\/vc_column][\/vc_row][vc_row full_width=&#8221;stretch_row&#8221; el_class=&#8221;third_bg_color&#8221; css=&#8221;.vc_custom_1710163836976{margin-top: 50px !important;margin-bottom: -60px !important;}&#8221;][vc_column][vc_cta h2=&#8221;\u201cmakes life easier!\u201d&#8221; h2_font_container=&#8221;tag:h2|font_size:20px|text_align:left|line_height:24px&#8221; h2_use_theme_fonts=&#8221;yes&#8221; shape=&#8221;square&#8221; style=&#8221;flat&#8221; add_button=&#8221;right&#8221; btn_title=&#8221;Product Catalogue&#8221; btn_style=&#8221;flat&#8221; btn_color=&#8221;theme_style_2&#8243; btn_align=&#8221;right&#8221; btn_i_align=&#8221;right&#8221; btn_i_icon_fontawesome=&#8221;fas fa-angle-right&#8221; use_custom_fonts_h2=&#8221;true&#8221; btn_button_block=&#8221;true&#8221; btn_add_icon=&#8221;true&#8221; el_class=&#8221;third_bg_color&#8221; css=&#8221;.vc_custom_1680172659109{margin-bottom: 0px !important;}&#8221; btn_link=&#8221;url:https%3A%2F%2Fwww.mack.com.tr%2Fwp-content%2Fuploads%2Fkatalog%2F2023%2520Mack%2520Katalog.pdf|title:Pdf%20Product%20Catalog|target:_blank|&#8221;][\/vc_cta][\/vc_column][\/vc_row]<\/p>\n<\/div>","protected":false},"excerpt":{"rendered":"<p>[vc_row][vc_column width=&#8221;1\/4&#8243;][stm_sidebar sidebar=&#8221;4080&#8243;][\/vc_column][vc_column width=&#8221;3\/4&#8243;][vc_column_text] \u0130LET\u0130\u015e\u0130M FORMUNDA \u0130\u015eLENEN K\u0130\u015e\u0130SEL VER\u0130LERE \u0130L\u0130\u015eK\u0130N AYDINLATMA METN\u0130 \u0130\u015fbu ayd\u0131nlatma metni, veri sorumlusu s\u0131fat\u0131yla hareket eden Net Aksesuar Bili\u015fim \u00dcr\u00fcnleri San. Ve Tic. A.\u015e. (\u201cMack\u201d) taraf\u0131ndan, 6698 say\u0131l\u0131 Ki\u015fisel Verilerin Korunmas\u0131 Kanununun (\u201cKVKK\u201d) 10. maddesi ile Ayd\u0131nlatma Y\u00fck\u00fcml\u00fcl\u00fc\u011f\u00fcn\u00fcn Yerine Getirilmesinde Uyulacak Usul ve Esaslar Hakk\u0131nda Tebli\u011f \u00e7er\u00e7evesinde, ki\u015fisel verilerinizin i\u015flenme ama\u00e7lar\u0131,<\/p>\n","protected":false},"author":5,"featured_media":0,"parent":9394,"menu_order":0,"comment_status":"closed","ping_status":"closed","template":"","meta":{"_acf_changed":false,"footnotes":""},"class_list":["post-9403","page","type-page","status-publish","hentry"],"acf":[],"_links":{"self":[{"href":"https:\/\/www.mack.com.tr\/en\/wp-json\/wp\/v2\/pages\/9403","targetHints":{"allow":["GET"]}}],"collection":[{"href":"https:\/\/www.mack.com.tr\/en\/wp-json\/wp\/v2\/pages"}],"about":[{"href":"https:\/\/www.mack.com.tr\/en\/wp-json\/wp\/v2\/types\/page"}],"author":[{"embeddable":true,"href":"https:\/\/www.mack.com.tr\/en\/wp-json\/wp\/v2\/users\/5"}],"replies":[{"embeddable":true,"href":"https:\/\/www.mack.com.tr\/en\/wp-json\/wp\/v2\/comments?post=9403"}],"version-history":[{"count":0,"href":"https:\/\/www.mack.com.tr\/en\/wp-json\/wp\/v2\/pages\/9403\/revisions"}],"up":[{"embeddable":true,"href":"https:\/\/www.mack.com.tr\/en\/wp-json\/wp\/v2\/pages\/9394"}],"wp:attachment":[{"href":"https:\/\/www.mack.com.tr\/en\/wp-json\/wp\/v2\/media?parent=9403"}],"curies":[{"name":"wp","href":"https:\/\/api.w.org\/{rel}","templated":true}]}}