{"id":9394,"date":"2024-03-11T22:47:58","date_gmt":"2024-03-11T19:47:58","guid":{"rendered":"https:\/\/www.mack.com.tr\/kvkk-information-text\/"},"modified":"2024-07-08T09:28:09","modified_gmt":"2024-07-08T06:28:09","slug":"kvkk-information-text","status":"publish","type":"page","link":"https:\/\/www.mack.com.tr\/en\/kvkk-information-text\/","title":{"rendered":"KVKK Information Text"},"content":{"rendered":"<div class=\"wpb-content-wrapper\"><p>[vc_row][vc_column width=&#8221;1\/4&#8243;][stm_sidebar sidebar=&#8221;4080&#8243;][\/vc_column][vc_column width=&#8221;3\/4&#8243;][vc_column_text]<\/p>\n<h1 style=\"text-align: center;\"><span style=\"font-family: georgia, palatino, serif; font-size: 18pt;\"><strong>INFORMATION TEXT ON THE PROCESSING OF PERSONAL DATA<\/strong><\/span><\/h1>\n<p style=\"text-align: left;\"><span style=\"font-family: georgia; font-size: 12pt;\">As Net Aksesuar Bili\u015fim \u00dcr\u00fcnleri San. ve Tic. A.\u015e. (\u201cNet Bili\u015fim\u201d); within the framework of the activities arising from the Personal Data Protection Law No. 6698 (\u201cKVKK\u201d) and the related legislation and legal regulations, we have prepared this information text to inform our Visitors, Online Visitors, Customers, Potential Customers, Supplier Employees, and Supplier Officials about the processing, storage, and transfer of your personal data.<\/span><\/p>\n<ol>\n<li>\n<h2><span style=\"font-family: georgia; font-size: 12pt;\"><strong>What Categories of Personal Data Do We Process and For What Purposes?<\/strong><\/span><\/h2>\n<\/li>\n<\/ol>\n<p><span style=\"font-family: georgia; font-size: 12pt;\">Your personal data is processed by Net Bili\u015fim in accordance with the principles stipulated in Article 4.2 of KVKK;<\/span><\/p>\n<ul>\n<li><span style=\"font-family: georgia; font-size: 12pt;\">Being in compliance with the law and good faith,<\/span><\/li>\n<li><span style=\"font-family: georgia; font-size: 12pt;\">Being accurate and kept up to date where necessary,<\/span><\/li>\n<li><span style=\"font-family: georgia; font-size: 12pt;\">Being processed for specified, explicit, and legitimate purposes,<\/span><\/li>\n<li><span style=\"font-family: georgia; font-size: 12pt;\">Being relevant, limited and proportionate to the purposes for which they are processed,<\/span><\/li>\n<li><span style=\"font-family: georgia; font-size: 12pt;\">Being retained for the period stipulated in the relevant legislation or required for the purpose for which the data are processed,<\/span><\/li>\n<\/ul>\n<p><span style=\"font-family: georgia; font-size: 12pt;\">in accordance with the principles of maintaining business relationships with our business partners and for the purposes stated below. <em>(A person may fall into more than one category)<\/em><\/span><\/p>\n<ol style=\"list-style-type: upper-alpha;\">\n<li style=\"text-align: justify;\">\n<h3><span style=\"font-family: georgia; font-size: 12pt;\"><strong>Our Visitors<\/strong><\/span><\/h3>\n<\/li>\n<\/ol>\n<p><span style=\"font-family: georgia; font-size: 12pt;\">The <u>physical space security information<\/u> (<strong><em>e.g.<\/em><\/strong><em> camera recordings<\/em>) of our visitors<strong>;<\/strong><\/span><\/p>\n<ol>\n<li><span style=\"font-family: georgia; font-size: 12pt;\">will be processed for the purposes of ensuring the security of the physical space.<\/span><\/li>\n<\/ol>\n<ol style=\"list-style-type: upper-alpha;\" start=\"2\">\n<li style=\"text-align: justify;\">\n<h3><span style=\"font-size: 12pt; font-family: georgia;\"><strong>Our Online Visitors<\/strong><\/span><\/h3>\n<\/li>\n<\/ol>\n<p><span style=\"font-family: georgia; font-size: 12pt;\">The <u>transaction security information<\/u> <em>(<\/em><strong><em>e.g.<\/em><\/strong><em> your IP address information),<\/em><u> marketing information<\/u> <em>(<strong>e.g.<\/strong> shopping history information, cookie records)<\/em> and <em>(if you notify us*)<\/em> <u>identity information<\/u>, <u>contact information<\/u> <em>(<\/em><strong><em>e.g.<\/em><\/strong><em> your email address)<\/em><strong>;<\/strong><\/span><\/p>\n<ul>\n<li><span style=\"font-family: georgia; font-size: 12pt;\">To carry out activities in accordance with the legislation,<\/span><\/li>\n<li><span style=\"font-family: georgia; font-size: 12pt;\">To carry out information security processes,<\/span><\/li>\n<li><span style=\"font-family: georgia; font-size: 12pt;\">To follow up on requests\/complaints,<\/span><\/li>\n<li><span style=\"font-family: georgia; font-size: 12pt;\">To carry out communication activities,<\/span><\/li>\n<li><span style=\"font-family: georgia; font-size: 12pt;\">To provide information to authorized persons, institutions, and organizations,<\/span><\/li>\n<li><span style=\"font-family: georgia; font-size: 12pt;\">To enable access to our website via the internet will be processed for the purposes of processing.<\/span><\/li>\n<\/ul>\n<h3><span style=\"font-family: georgia; font-size: 12pt;\"><strong>Our Customers<\/strong><\/span><\/h3>\n<p><span style=\"font-family: georgia; font-size: 12pt;\">The <u>identity information<\/u>, <u>contact information<\/u>, <u>customer transaction information<\/u> <em>(<strong>e.g.<\/strong> order information)<\/em>, <u>physical space security information<\/u>, <u>legal transaction information<\/u>, <u>marketing information<\/u> <em>(<strong>e.g.<\/strong> shopping history information)<\/em> of our real person customers or the officials and\/or employees of our corporate customers<strong>;<\/strong><\/span><\/p>\n<ul>\n<li><span style=\"font-family: georgia; font-size: 12pt;\">To carry out activities in accordance with the legislation,<\/span><\/li>\n<li><span style=\"font-family: georgia; font-size: 12pt;\">To carry out finance and accounting works,<\/span><\/li>\n<li><span style=\"font-family: georgia; font-size: 12pt;\">To carry out\/inspect business activities,<\/span><\/li>\n<li><span style=\"font-family: georgia; font-size: 12pt;\">To carry out logistics activities,<\/span><\/li>\n<li><span style=\"font-family: georgia; font-size: 12pt;\">To carry out after-sales support services for goods\/services,<\/span><\/li>\n<li><span style=\"font-family: georgia; font-size: 12pt;\">To carry out sales processes of goods\/services,<\/span><\/li>\n<li><span style=\"font-family: georgia; font-size: 12pt;\">To carry out marketing analysis studies,<\/span><\/li>\n<li><span style=\"font-family: georgia; font-size: 12pt;\">To carry out contract processes,<\/span><\/li>\n<li><span style=\"font-family: georgia; font-size: 12pt;\">To provide information to authorized persons, institutions, and organizations,<\/span><\/li>\n<li><span style=\"font-family: georgia; font-size: 12pt;\">To ensure the security of physical spaces,<\/span><\/li>\n<li><span style=\"font-family: georgia; font-size: 12pt;\">To resolve legal disputes,<\/span><\/li>\n<li><span style=\"font-family: georgia; font-size: 12pt;\">To carry out storage and archiving activities,<\/span><\/li>\n<li><span style=\"font-family: georgia; font-size: 12pt;\">To carry out advertisement\/campaign\/promotion processes, to send commercial electronic messages,<\/span><\/li>\n<li><span style=\"font-family: georgia; font-size: 12pt;\">To carry out loyalty processes to the company\/products\/services,<\/span><\/li>\n<li><span style=\"font-family: georgia; font-size: 12pt;\">To carry out communication activities will be processed for the purposes of processing.<\/span><\/li>\n<\/ul>\n<h3><span style=\"font-family: georgia; font-size: 12pt;\"><strong>Our Potential Customers<\/strong><\/span><\/h3>\n<p><span style=\"font-family: georgia; font-size: 12pt;\">The <u>identity information<\/u>, <u>contact information<\/u>, <u>customer transaction information<\/u>, <u>physical space security information<\/u><strong>, <\/strong><u>marketing information<\/u> of our real person potential customers or the officials and\/or employees of our corporate potential customers<strong>;<\/strong><\/span><\/p>\n<ul>\n<li><span style=\"font-family: georgia; font-size: 12pt;\">To manage sales processes of goods\/services,<\/span><\/li>\n<li><span style=\"font-family: georgia; font-size: 12pt;\">To carry out contract processes,<\/span><\/li>\n<li><span style=\"font-family: georgia; font-size: 12pt;\">To ensure the security of physical spaces,<\/span><\/li>\n<li><span style=\"font-family: georgia; font-size: 12pt;\">To carry out advertisement\/campaign\/promotion processes, to send commercial electronic messages,<\/span><\/li>\n<li><span style=\"font-family: georgia; font-size: 12pt;\">To carry out marketing analysis studies will be processed for the purposes of processing.<\/span><\/li>\n<\/ul>\n<h3><span style=\"font-family: georgia; font-size: 12pt;\"><strong>Our Supplier Employees<\/strong><\/span><\/h3>\n<p><span style=\"font-family: georgia; font-size: 12pt;\">The <u>identity information<\/u>, <u>contact information<\/u>, <u>physical space security information<\/u> of our supplier employees;<\/span><\/p>\n<ul>\n<li><span style=\"font-family: georgia; font-size: 12pt;\">To carry out communication activities,<\/span><\/li>\n<li><span style=\"font-family: georgia; font-size: 12pt;\">To carry out\/inspect business activities,<\/span><\/li>\n<li><span style=\"font-family: georgia; font-size: 12pt;\">To ensure the security of physical spaces,<\/span><\/li>\n<li><span style=\"font-family: georgia; font-size: 12pt;\">To carry out supply chain management processes,<\/span><\/li>\n<li><span style=\"font-family: georgia; font-size: 12pt;\">To carry out logistics activities,<\/span><\/li>\n<li><span style=\"font-family: georgia; font-size: 12pt;\">To carry out activities in accordance with the legislation,<\/span><\/li>\n<li><span style=\"font-family: georgia; font-size: 12pt;\">To carry out occupational health\/safety activities will be processed for the purposes of processing.<\/span><\/li>\n<\/ul>\n<h3><span style=\"font-family: georgia; font-size: 12pt;\"><strong>Our Supplier Officials<\/strong><\/span><\/h3>\n<p><span style=\"font-family: georgia; font-size: 12pt;\">The <u>identity information<\/u>, <u>contact information<\/u>, <u>physical space security information<\/u>, <u>customer transaction information<\/u>, <u>marketing information<\/u>, <u>legal transaction information<\/u> of our real person suppliers or the officials of our corporate suppliers<strong>;<\/strong><\/span><\/p>\n<ul>\n<li><span style=\"font-family: georgia; font-size: 12pt;\">To carry out\/inspect business activities,<\/span><\/li>\n<li><span style=\"font-family: georgia; font-size: 12pt;\">To carry out goods\/services procurement processes,<\/span><\/li>\n<li><span style=\"font-family: georgia; font-size: 12pt;\">To carry out finance and accounting works,<\/span><\/li>\n<li><span style=\"font-family: georgia; font-size: 12pt;\">To carry out contract processes,<\/span><\/li>\n<li><span style=\"font-family: georgia; font-size: 12pt;\">To carry out investment processes,<\/span><\/li>\n<li><span style=\"font-family: georgia; font-size: 12pt;\">To ensure the security of physical spaces,<\/span><\/li>\n<li><span style=\"font-family: georgia; font-size: 12pt;\">To follow and conduct legal affairs will be processed for the purposes of processing.<\/span><\/li>\n<\/ul>\n<h3><span style=\"font-family: georgia; font-size: 12pt;\"><strong>What Are the Methods of Collecting Your Personal Data?<\/strong><\/span><\/h3>\n<p><span style=\"font-family: georgia; font-size: 12pt;\">Your personal data stated in the categories above are collected through physical means such as order forms, contracts, visitor forms, or through information systems and electronic devices <em>(e.g. telecommunication infrastructure, computers, and phones)<\/em>, third parties <em>(e.g. KKB and Findeks)<\/em>, our website, and other documents declared by the related person through automatic or non-automatic methods.<\/span><\/p>\n<h3><span style=\"font-family: georgia; font-size: 12pt;\"><strong>What Is the Legal Basis for Collecting Your Personal Data?<\/strong><\/span><\/h3>\n<p><span style=\"font-family: georgia; font-size: 12pt;\">Your personal data are processed by Net Bili\u015fim based on the following legal reasons stipulated in Article 5 of KVKK to achieve the purposes stated above;<\/span><\/p>\n<ul>\n<li><span style=\"font-family: georgia; font-size: 12pt;\">It is expressly provided for by the laws,<\/span><\/li>\n<li><span style=\"font-family: georgia; font-size: 12pt;\">It is necessary for the performance of a contract to which the data subject is a party, or it is necessary to process the personal data of the parties to the contract, provided that it is directly related to the establishment or performance of the contract,<\/span><\/li>\n<li><span style=\"font-family: georgia; font-size: 12pt;\">It is mandatory for the data controller to fulfill its legal obligation,<\/span><\/li>\n<li><span style=\"font-family: georgia; font-size: 12pt;\">It is necessary for the establishment, exercise, or protection of any right,<\/span><\/li>\n<li><span style=\"font-family: georgia; font-size: 12pt;\">Provided that it does not harm the fundamental rights and freedoms of the data subject, it is necessary for the legitimate interests of the data controller,<\/span><\/li>\n<li><span style=\"font-family: georgia; font-size: 12pt;\">The identity and contact information of our customers and potential customers will be processed for advertising, campaign, promotion purposes, and for sending commercial electronic messages based on their <strong><u>explicit consent.<\/u><\/strong><\/span><\/li>\n<\/ul>\n<h3><span style=\"font-family: georgia; font-size: 12pt;\"><strong>Do We Transfer Your Personal Data to Third Parties?<\/strong><\/span><\/h3>\n<p><span style=\"font-family: georgia; font-size: 12pt;\"><strong>a) Personal data of our visitors, <\/strong>in case of legal disputes and upon request in accordance with the relevant legislation, may be shared with law enforcement and judicial authorities.<\/span><\/p>\n<p><span style=\"font-family: georgia; font-size: 12pt;\"><strong>b) Personal data of our online visitors, <\/strong>in case of legal disputes and upon request in accordance with the relevant legislation, may be shared with judicial authorities and authorized public institutions and organizations.<\/span><\/p>\n<p><span style=\"font-family: georgia; font-size: 12pt;\"><strong>c) Personal data of our customers, <\/strong>within the scope of legal regulations, for the purposes of ensuring that activities are carried out in accordance with the legislation, following and conducting legal affairs, providing information to authorized persons, institutions, and organizations, business activities are conducted\/inspected, risk management processes are carried out, our services are properly performed to the necessary extent, may be transferred to our group companies, IT companies, suppliers, cargo companies, insurance companies, banks, and financial advisors. In addition, such personal data may be transferred to the law firm we receive services from and judicial authorities to be used as evidence in future legal disputes.<\/span><\/p>\n<p><span style=\"font-family: georgia; font-size: 12pt;\"><strong>d) Personal data of our potential customers, <\/strong>may be transferred to the law firm we receive services from and judicial authorities to be used as evidence in future legal disputes.<\/span><\/p>\n<p><span style=\"font-family: georgia; font-size: 12pt;\"><strong>e) Personal data of our supplier employees, <\/strong>within the scope of legal regulations, for the purposes of ensuring that activities are carried out in accordance with the legislation, following and conducting legal affairs, providing information to authorized persons, institutions, and organizations, business activities are conducted\/inspected, our services are properly performed to the necessary extent, may be transferred to our group companies, IT companies, suppliers, cargo companies, banks, and financial advisors. In addition, such personal data may be transferred to the law firm we receive services from and judicial authorities to be used as evidence in future legal disputes.<\/span><\/p>\n<p><span style=\"font-family: georgia; font-size: 12pt;\"><strong>Personal data of our supplier officials, <\/strong>within the scope of legal regulations, for the purposes of ensuring that activities are carried out in accordance with the legislation, following and conducting legal affairs, providing information to authorized persons, institutions, and organizations, business activities are conducted\/inspected, may be transferred to our group companies, IT companies, suppliers, cargo companies, banks, and financial advisors to the necessary extent to properly perform the service. In addition, such personal data may be transferred to the law firm we receive services from and judicial authorities to be used as evidence in future legal disputes.<\/span><\/p>\n<p><span style=\"font-family: georgia; font-size: 12pt;\"><strong>Do We Transfer Your Personal Data Abroad?<\/strong><\/span><\/p>\n<p><span style=\"font-family: georgia; font-size: 12pt;\">As Net Bili\u015fim, we do not transfer your personal data abroad.<\/span><\/p>\n<p><span style=\"font-family: georgia; font-size: 12pt;\"><strong>How Can You Exercise Your Rights Regarding Your Personal Data?<\/strong><\/span><\/p>\n<p><span style=\"font-family: georgia; font-size: 12pt;\">You can submit your requests within the scope of your rights regulated in Article 11 of KVKK to Net Bili\u015fim via the \u201c<a href=\"\/kvkk\/Veri-Sorumlusuna-Basvuru-Formu.pdf\"><strong>Data Controller Application Form<\/strong><\/a>\u201d prepared to facilitate your application in accordance with the &#8220;Communiqu\u00e9 on the Procedures and Principles of Application to the Data Controller&#8221; available on the website of Net Bili\u015fim at \u201cwww.netbilisim-tr.com\u201d.<\/span><\/p>\n<p><span style=\"font-family: georgia; font-size: 12pt;\"><strong>Data Controller:<\/strong> Net Aksesuar Bili\u015fim \u00dcr\u00fcnleri San. ve Tic. A.\u015e.<\/span><\/p>\n<p><span style=\"font-family: georgia; font-size: 12pt;\"><strong>Address:<\/strong> Sultan Selim Mah. Turan Sokak No:21\/3 Pk:34415 Ka\u011f\u0131thane \/ \u0130stanbul<\/span><\/p>\n<p><span style=\"font-family: georgia; font-size: 12pt;\"><strong>Email:<\/strong> <a href=\"mailto:info@netbilisim-tr.com\">info@netbilisim-tr.com<\/a><\/span>[\/vc_column_text][\/vc_column][\/vc_row][vc_row full_width=&#8221;stretch_row&#8221; el_class=&#8221;third_bg_color&#8221; css=&#8221;.vc_custom_1710163836976{margin-top: 50px !important;margin-bottom: -60px !important;}&#8221;][vc_column][vc_cta h2=&#8221;\u201cmakes life easier!\u201d&#8221; h2_font_container=&#8221;tag:h2|font_size:20px|text_align:left|line_height:24px&#8221; h2_use_theme_fonts=&#8221;yes&#8221; shape=&#8221;square&#8221; style=&#8221;flat&#8221; add_button=&#8221;right&#8221; btn_title=&#8221;Product Catalogue&#8221; btn_style=&#8221;flat&#8221; btn_color=&#8221;theme_style_2&#8243; btn_align=&#8221;right&#8221; btn_i_align=&#8221;right&#8221; btn_i_icon_fontawesome=&#8221;fas fa-angle-right&#8221; use_custom_fonts_h2=&#8221;true&#8221; btn_button_block=&#8221;true&#8221; btn_add_icon=&#8221;true&#8221; el_class=&#8221;third_bg_color&#8221; css=&#8221;.vc_custom_1680172659109{margin-bottom: 0px !important;}&#8221; btn_link=&#8221;url:https%3A%2F%2Fwww.mack.com.tr%2Fwp-content%2Fuploads%2Fkatalog%2F2023%2520Mack%2520Katalog.pdf|title:Pdf%20Product%20Catalog|target:_blank|&#8221;][\/vc_cta][\/vc_column][\/vc_row]<\/p>\n<\/div>","protected":false},"excerpt":{"rendered":"<p>[vc_row][vc_column width=&#8221;1\/4&#8243;][stm_sidebar sidebar=&#8221;4080&#8243;][\/vc_column][vc_column width=&#8221;3\/4&#8243;][vc_column_text] INFORMATION TEXT ON THE PROCESSING OF PERSONAL DATA As Net Aksesuar Bili\u015fim \u00dcr\u00fcnleri San. ve Tic. A.\u015e. (\u201cNet Bili\u015fim\u201d); within the framework of the activities arising from the Personal Data Protection Law No. 6698 (\u201cKVKK\u201d) and the related legislation and legal regulations, we have prepared this information text to inform our<\/p>\n","protected":false},"author":1,"featured_media":0,"parent":0,"menu_order":0,"comment_status":"closed","ping_status":"closed","template":"","meta":{"_acf_changed":false,"footnotes":""},"class_list":["post-9394","page","type-page","status-publish","hentry"],"acf":[],"_links":{"self":[{"href":"https:\/\/www.mack.com.tr\/en\/wp-json\/wp\/v2\/pages\/9394","targetHints":{"allow":["GET"]}}],"collection":[{"href":"https:\/\/www.mack.com.tr\/en\/wp-json\/wp\/v2\/pages"}],"about":[{"href":"https:\/\/www.mack.com.tr\/en\/wp-json\/wp\/v2\/types\/page"}],"author":[{"embeddable":true,"href":"https:\/\/www.mack.com.tr\/en\/wp-json\/wp\/v2\/users\/1"}],"replies":[{"embeddable":true,"href":"https:\/\/www.mack.com.tr\/en\/wp-json\/wp\/v2\/comments?post=9394"}],"version-history":[{"count":0,"href":"https:\/\/www.mack.com.tr\/en\/wp-json\/wp\/v2\/pages\/9394\/revisions"}],"wp:attachment":[{"href":"https:\/\/www.mack.com.tr\/en\/wp-json\/wp\/v2\/media?parent=9394"}],"curies":[{"name":"wp","href":"https:\/\/api.w.org\/{rel}","templated":true}]}}