{"id":2962,"date":"2020-03-17T10:20:12","date_gmt":"2020-03-17T07:20:12","guid":{"rendered":"https:\/\/www.mack.com.tr\/defective-product-operation\/"},"modified":"2023-10-17T12:24:46","modified_gmt":"2023-10-17T09:24:46","slug":"defective-product-operation","status":"publish","type":"page","link":"https:\/\/www.mack.com.tr\/en\/defective-product-operation\/","title":{"rendered":"Defective Operation"},"content":{"rendered":"<div class=\"wpb-content-wrapper\"><p>[vc_row][vc_column width=&#8221;1\/4&#8243;][stm_sidebar sidebar=&#8221;619&#8243;][\/vc_column][vc_column width=&#8221;3\/4&#8243; css=&#8221;.vc_custom_1541801538518{margin-top: 15px !important;}&#8221;][vc_column_text css=&#8221;.vc_custom_1697533844288{padding-top: 15px !important;padding-bottom: 15px !important;}&#8221;]<\/p>\n<h1><span style=\"font-size: 18pt;\">PRODUCT ACCEPTANCE AND DELIVERY TERMS:<\/span><\/h1>\n<p>Acceptance and delivery of defective products are made on weekdays between 08:00 \u2013 17:00.<br \/>\nProducts should be delivered in their original packaging or boxed.<br \/>\nThe decision to accept or reject products will be finalized after our service&#8217;s inspection.<br \/>\nProducts that have been processed and are handed over in person will be delivered against a &#8220;Fault Tracking Form&#8221;.<br \/>\nFor products with a lost fault tracking form, they will be delivered in exchange for a photocopy of an ID and a written document.<br \/>\nNo responsibility is accepted for products not collected from our service within 90 days.<br \/>\nProducts must be delivered with a copy of the purchase invoice and warranty document.<br \/>\nShipping terms for product delivery:<\/p>\n<h2><span style=\"font-size: 14pt;\">WHEN SENDING DEFECTIVE PRODUCTS VIA CARGO:<\/span><\/h2>\n<p>After reporting the defective product via the contact form below or by email to info@mack.com.tr, if deemed appropriate, you can send it to us free of charge with the Mng cargo approval code that will be provided to you.<\/p>\n<h3><strong>Technical Service Address:<\/strong><\/h3>\n<p>Net Aksesuar IT Products Industry and Trade Inc.<br \/>\nHuzur District Tomurcuk 1 Street No:5\/A Sar\u0131yer \u2013 Istanbul<br \/>\nOur MNG Cargo Agreement Code: 288 897 521<\/p>\n<h4><strong>USER ERRORS THAT WILL EXCLUDE THE PRODUCT FROM WARRANTY:<\/strong><\/h4>\n<ul>\n<li>Improper packaging,<\/li>\n<li>Cracks and breaks in the product,<\/li>\n<li>Dents, hits, scratches on any part of the product,<\/li>\n<li>Malfunctions occurring during unhealthy transportation,<\/li>\n<li>Tampering with, or replacing electronic parts,<\/li>\n<li>Any part of the product getting damaged,<\/li>\n<li>Changing the serial number, or it being illegible,<\/li>\n<li>Sticking non-removable labels or residues of removed labels on the product,<\/li>\n<li>Excessive heat, cold, humidity, dust,<\/li>\n<li>All malfunctions originating from electrical networks,<\/li>\n<li>Interventions on the product outside of authorized service,<\/li>\n<\/ul>\n<p><span style=\"font-family: 'book antiqua', palatino, serif;\"><strong>In these situations, the product will be processed outside of warranty coverage.<\/strong><\/span>[\/vc_column_text]<style id=\"wpforms-css-vars-9057\">\n\t\t\t\t#wpforms-9057 {\n\t\t\t\t--wpforms-field-size-input-height: 43px;\n--wpforms-field-size-input-spacing: 15px;\n--wpforms-field-size-font-size: 16px;\n--wpforms-field-size-line-height: 19px;\n--wpforms-field-size-padding-h: 14px;\n--wpforms-field-size-checkbox-size: 16px;\n--wpforms-field-size-sublabel-spacing: 5px;\n--wpforms-field-size-icon-size: 1;\n--wpforms-label-size-font-size: 16px;\n--wpforms-label-size-line-height: 19px;\n--wpforms-label-size-sublabel-font-size: 14px;\n--wpforms-label-size-sublabel-line-height: 17px;\n--wpforms-button-size-font-size: 17px;\n--wpforms-button-size-height: 41px;\n--wpforms-button-size-padding-h: 15px;\n--wpforms-button-size-margin-top: 10px;\n--wpforms-container-shadow-size-box-shadow: none;\n\t\t\t}\n\t\t\t<\/style><div class=\"wpforms-container wpforms-container-full wpforms-render-modern\" id=\"wpforms-9057\"><form id=\"wpforms-form-9057\" class=\"wpforms-validate wpforms-form\" data-formid=\"9057\" method=\"post\" enctype=\"multipart\/form-data\" action=\"\/en\/wp-json\/wp\/v2\/pages\/2962?wpforms_form_id=9057\" data-token=\"26f79ba0c748de47ea4b0825af6babfc\" data-token-time=\"1778354351\"><div class=\"wpforms-head-container\"><div class=\"wpforms-title\">Teknik Servis Bildirim Formu<\/div><\/div><noscript class=\"wpforms-error-noscript\">Please enable JavaScript in your browser to complete this form.<\/noscript><div id=\"wpforms-error-noscript\" style=\"display: none;\">Please enable JavaScript in your browser to complete this form.<\/div><div class=\"wpforms-field-container\"><div id=\"wpforms-9057-field_1-container\" class=\"wpforms-field wpforms-field-text\" data-field-id=\"1\"><label class=\"wpforms-field-label wpforms-label-hide\" for=\"wpforms-9057-field_1\" aria-hidden=\"false\">Ad \/ Soyad (gerekli) <span class=\"wpforms-required-label\" aria-hidden=\"true\">*<\/span><\/label><input type=\"text\" id=\"wpforms-9057-field_1\" class=\"wpforms-field-large wpforms-field-required\" name=\"wpforms[fields][1]\" placeholder=\"Ad \/ Soyad\" aria-errormessage=\"wpforms-9057-field_1-error\" required><\/div><div id=\"wpforms-9057-field_7-container\" class=\"wpforms-field wpforms-field-layout\" data-field-id=\"7\"><div class=\"wpforms-field-layout-columns wpforms-field-layout-preset-50-50\"><div class=\"wpforms-layout-column wpforms-layout-column-50\" ><div id=\"wpforms-9057-field_3-container\" class=\"wpforms-field wpforms-field-phone\" data-field-id=\"3\"><label class=\"wpforms-field-label wpforms-label-hide\" for=\"wpforms-9057-field_3\" aria-hidden=\"false\">Telefon (gerekli) <span class=\"wpforms-required-label\" aria-hidden=\"true\">*<\/span><\/label><input type=\"tel\" id=\"wpforms-9057-field_3\" class=\"wpforms-field-medium wpforms-field-required wpforms-smart-phone-field\" data-rule-smart-phone-field=\"true\" name=\"wpforms[fields][3]\" placeholder=\"Telefon\" aria-label=\"Telefon (gerekli)\" aria-errormessage=\"wpforms-9057-field_3-error\" required><\/div><\/div><div class=\"wpforms-layout-column wpforms-layout-column-50\" ><div id=\"wpforms-9057-field_4-container\" class=\"wpforms-field wpforms-field-email\" data-field-id=\"4\"><label class=\"wpforms-field-label wpforms-label-hide\" for=\"wpforms-9057-field_4\" aria-hidden=\"false\">E-posta Adresi (gerekli) <span class=\"wpforms-required-label\" aria-hidden=\"true\">*<\/span><\/label><input type=\"email\" id=\"wpforms-9057-field_4\" class=\"wpforms-field-medium wpforms-field-required\" name=\"wpforms[fields][4]\" placeholder=\"E-posta Adresi\" spellcheck=\"false\" aria-errormessage=\"wpforms-9057-field_4-error\" required><\/div><\/div><\/div><\/div><div id=\"wpforms-9057-field_8-container\" class=\"wpforms-field wpforms-field-text\" data-field-id=\"8\"><label class=\"wpforms-field-label wpforms-label-hide\" for=\"wpforms-9057-field_8\" aria-hidden=\"false\">\u00dcr\u00fcn Model Bilgisi <span class=\"wpforms-required-label\" aria-hidden=\"true\">*<\/span><\/label><input type=\"text\" id=\"wpforms-9057-field_8\" class=\"wpforms-field-large wpforms-field-required\" name=\"wpforms[fields][8]\" placeholder=\"\u00dcr\u00fcn Model Bilgisi\" aria-errormessage=\"wpforms-9057-field_8-error\" required><\/div><div id=\"wpforms-9057-field_6-container\" class=\"wpforms-field wpforms-field-textarea\" data-field-id=\"6\"><label class=\"wpforms-field-label wpforms-label-hide\" for=\"wpforms-9057-field_6\" aria-hidden=\"false\">\u00dcr\u00fcnden Ald\u0131\u011f\u0131n\u0131z \u015eikayet (gerekli) <span class=\"wpforms-required-label\" aria-hidden=\"true\">*<\/span><\/label><textarea id=\"wpforms-9057-field_6\" class=\"wpforms-field-large wpforms-field-required\" name=\"wpforms[fields][6]\" placeholder=\"\u00dcr\u00fcnden Ald\u0131\u011f\u0131n\u0131z \u015eikayet\" aria-errormessage=\"wpforms-9057-field_6-error\" required><\/textarea><\/div><div id=\"wpforms-9057-field_9-container\" class=\"wpforms-field wpforms-field-file-upload\" data-field-id=\"9\"><label class=\"wpforms-field-label wpforms-label-hide\" for=\"wpforms-9057-field_9\" aria-hidden=\"false\">Faturan\u0131z\u0131 ve \u00fcr\u00fcn g\u00f6rselini y\u00fckleyiniz..<\/label><div\n\t\tclass=\"wpforms-uploader \"\n\t\tdata-field-id=\"9\"\n\t\tdata-form-id=\"9057\"\n\t\tdata-input-name=\"wpforms_9057_9\"\n\t\tdata-extensions=\"pdf,jpg,png,gif\"\n\t\tdata-max-size=\"2147483648\"\n\t\tdata-max-file-number=\"5\"\n\t\tdata-post-max-size=\"2147483648\"\n\t\tdata-max-parallel-uploads=\"4\"\n\t\tdata-parallel-uploads=\"true\"\n\t\tdata-file-chunk-size=\"2097152\">\n\t<div class=\"dz-message\">\n\t\t<svg  viewBox=\"0 0 640 640\" focusable=\"false\" data-icon=\"inbox\" width=\"50px\" height=\"50px\" fill=\"currentColor\" aria-hidden=\"true\">\n\t\t\t<path d=\"M352 173.3L352 384C352 401.7 337.7 416 320 416C302.3 416 288 401.7 288 384L288 173.3L246.6 214.7C234.1 227.2 213.8 227.2 201.3 214.7C188.8 202.2 188.8 181.9 201.3 169.4L297.3 73.4C309.8 60.9 330.1 60.9 342.6 73.4L438.6 169.4C451.1 181.9 451.1 202.2 438.6 214.7C426.1 227.2 405.8 227.2 393.3 214.7L352 173.3zM320 464C364.2 464 400 428.2 400 384L480 384C515.3 384 544 412.7 544 448L544 480C544 515.3 515.3 544 480 544L160 544C124.7 544 96 515.3 96 480L96 448C96 412.7 124.7 384 160 384L240 384C240 428.2 275.8 464 320 464zM464 488C477.3 488 488 477.3 488 464C488 450.7 477.3 440 464 440C450.7 440 440 450.7 440 464C440 477.3 450.7 488 464 488z\"\/>\n\t\t<\/svg>\n\n\t\t<span class=\"modern-title\">\n\t\t\t\t\t\t\tDrag &amp; Drop Files, \t\t\t\t<span>Choose Files to Upload<\/span>\n\t\t\t\t\t<\/span>\n\n\t\t\t\t\t<span class=\"modern-hint\">You can upload up to 5 files.<\/span>\n\t\t\t<\/div>\n<\/div>\n\n<input\n\t\ttype=\"text\"\n\t\tautocomplete=\"off\"\n\t\treadonly\n\t\tclass=\"dropzone-input\"\n\t\tstyle=\"position:absolute!important;clip:rect(0,0,0,0)!important;height:1px!important;width:1px!important;border:0!important;overflow:hidden!important;padding:0!important;margin:0!important;\"\n\t\tid=\"wpforms-9057-field_9\"\n\t\tname=\"wpforms_9057_9\" \t\tvalue=\"\">\n<div id=\"wpforms-9057-field_9-description\" class=\"wpforms-field-description\">Faturan\u0131z\u0131 ve 4 adete kadar \u00fcr\u00fcn g\u00f6rselini y\u00fckleyebilirsiniz..<\/div><\/div><\/div><!-- .wpforms-field-container --><div class=\"wpforms-recaptcha-container wpforms-is-recaptcha wpforms-is-recaptcha-type-v3\" ><input type=\"hidden\" name=\"wpforms[recaptcha]\" value=\"\"><\/div><div class=\"wpforms-submit-container\" ><input type=\"hidden\" name=\"wpforms[id]\" value=\"9057\"><input type=\"hidden\" name=\"page_title\" value=\"\"><input type=\"hidden\" name=\"page_url\" value=\"https:\/\/www.mack.com.tr\/en\/wp-json\/wp\/v2\/pages\/2962\"><input type=\"hidden\" name=\"url_referer\" value=\"\"><button type=\"submit\" name=\"wpforms[submit]\" id=\"wpforms-submit-9057\" class=\"wpforms-submit\" data-alt-text=\"G\u00f6nderiliyor...\" data-submit-text=\"G\u00f6nder\" aria-live=\"assertive\" value=\"wpforms-submit\">G\u00f6nder<\/button><\/div><\/form><\/div>  <!-- .wpforms-container -->[vc_empty_space][\/vc_column][\/vc_row][vc_row full_width=&#8221;stretch_row&#8221; el_class=&#8221;third_bg_color&#8221; css=&#8221;.vc_custom_1451889219674{margin-bottom: -60px !important;}&#8221;][vc_column][vc_cta h2=&#8221;\u201cmakes life easier!\u201d&#8221; h2_font_container=&#8221;tag:h2|font_size:20px|text_align:left|line_height:24px&#8221; h2_use_theme_fonts=&#8221;yes&#8221; shape=&#8221;square&#8221; style=&#8221;flat&#8221; add_button=&#8221;right&#8221; btn_title=&#8221;Product Catalogue&#8221; btn_style=&#8221;flat&#8221; btn_color=&#8221;theme_style_2&#8243; btn_align=&#8221;right&#8221; btn_i_align=&#8221;right&#8221; btn_i_icon_fontawesome=&#8221;fas fa-angle-right&#8221; use_custom_fonts_h2=&#8221;true&#8221; btn_button_block=&#8221;true&#8221; btn_add_icon=&#8221;true&#8221; el_class=&#8221;third_bg_color&#8221; css=&#8221;.vc_custom_1680172659109{margin-bottom: 0px !important;}&#8221; btn_link=&#8221;url:https%3A%2F%2Fwww.mack.com.tr%2Fwp-content%2Fuploads%2Fkatalog%2F2023%2520Mack%2520Katalog.pdf|title:Pdf%20Product%20Catalog|target:_blank|&#8221;][\/vc_cta][\/vc_column][\/vc_row]<\/p>\n<\/div>","protected":false},"excerpt":{"rendered":"<p>[vc_row][vc_column width=&#8221;1\/4&#8243;][stm_sidebar sidebar=&#8221;619&#8243;][\/vc_column][vc_column width=&#8221;3\/4&#8243; css=&#8221;.vc_custom_1541801538518{margin-top: 15px !important;}&#8221;][vc_column_text css=&#8221;.vc_custom_1697533844288{padding-top: 15px !important;padding-bottom: 15px !important;}&#8221;] PRODUCT ACCEPTANCE AND DELIVERY TERMS: Acceptance and delivery of defective products are made on weekdays between 08:00 \u2013 17:00. Products should be delivered in their original packaging or boxed. The decision to accept or reject products will be finalized after our service&#8217;s inspection.<\/p>\n","protected":false},"author":1,"featured_media":0,"parent":0,"menu_order":0,"comment_status":"closed","ping_status":"closed","template":"","meta":{"_acf_changed":false,"footnotes":""},"class_list":["post-2962","page","type-page","status-publish","hentry"],"acf":[],"_links":{"self":[{"href":"https:\/\/www.mack.com.tr\/en\/wp-json\/wp\/v2\/pages\/2962","targetHints":{"allow":["GET"]}}],"collection":[{"href":"https:\/\/www.mack.com.tr\/en\/wp-json\/wp\/v2\/pages"}],"about":[{"href":"https:\/\/www.mack.com.tr\/en\/wp-json\/wp\/v2\/types\/page"}],"author":[{"embeddable":true,"href":"https:\/\/www.mack.com.tr\/en\/wp-json\/wp\/v2\/users\/1"}],"replies":[{"embeddable":true,"href":"https:\/\/www.mack.com.tr\/en\/wp-json\/wp\/v2\/comments?post=2962"}],"version-history":[{"count":0,"href":"https:\/\/www.mack.com.tr\/en\/wp-json\/wp\/v2\/pages\/2962\/revisions"}],"wp:attachment":[{"href":"https:\/\/www.mack.com.tr\/en\/wp-json\/wp\/v2\/media?parent=2962"}],"curies":[{"name":"wp","href":"https:\/\/api.w.org\/{rel}","templated":true}]}}