{"id":2905,"date":"2020-03-16T16:13:54","date_gmt":"2020-03-16T13:13:54","guid":{"rendered":"https:\/\/www.mack.com.tr\/contact\/"},"modified":"2023-10-17T11:44:44","modified_gmt":"2023-10-17T08:44:44","slug":"contact","status":"publish","type":"page","link":"https:\/\/www.mack.com.tr\/en\/contact\/","title":{"rendered":"Contact Us"},"content":{"rendered":"<div class=\"wpb-content-wrapper\"><p>[vc_row full_width=&#8221;stretch_row&#8221; el_class=&#8221;third_bg_color&#8221; css=&#8221;.vc_custom_1543498131984{margin-top: 30px !important;margin-bottom: -60px !important;}&#8221;][vc_column offset=&#8221;vc_hidden-lg vc_hidden-md vc_hidden-sm vc_hidden-xs&#8221;][vc_custom_heading text=&#8221;Contact Form&#8221; font_container=&#8221;tag:h1|text_align:left&#8221;][\/vc_column][\/vc_row][vc_row css=&#8221;.vc_custom_1657095568460{margin-top: 15px !important;}&#8221;][vc_column width=&#8221;1\/2&#8243; css=&#8221;.vc_custom_1584614262567{margin-top: 15px !important;}&#8221;][vc_column_text]<\/p>\n<h3>Our Addresses<\/h3>\n<p><strong>Mack Bag T\u00fcrkiye Contact Information<\/strong>[\/vc_column_text][vc_column_text css=&#8221;.vc_custom_1584618910135{margin-top: -25px !important;}&#8221;]<\/p>\n<h4>Headquarters<\/h4>\n<p>[\/vc_column_text][stm_contacts_widget style=&#8221;style_4&#8243; address=&#8221;Sultan Selim Mah. Turan Sokak No:21\/3 Pk:34415 Ka\u011f\u0131thane \/ \u0130stanbul&#8221; phone=&#8221;+90 212 281 54 44&#8243; fax=&#8221;+90 212 281 56 81&#8243; email=&#8221;info@mack.com.tr&#8221; schedule=&#8221;Pazartesi &#8211; Cuma ( 08.00 &#8211; 17.00 )<br \/>\nCumartesi &#8211; Pazar (Kapal\u0131)&#8221;][vc_column_text]<img decoding=\"async\" src=\"data:image\/svg+xml;base64,PHN2ZyB3aWR0aD0iMjVweCIgaGVpZ2h0PSIyNXB4IiB2aWV3Qm94PSIwIDAgMjUgMjUiIHZlcnNpb249IjEuMSIgeG1sbnM9Imh0dHA6Ly93d3cudzMub3JnLzIwMDAvc3ZnIiB4bWxuczp4bGluaz0iaHR0cDovL3d3dy53My5vcmcvMTk5OS94bGluayI+CiAgICA8IS0tIEdlbmVyYXRvcjogU2tldGNoIDQ3ICg0NTM5NikgLSBodHRwOi8vd3d3LmJvaGVtaWFuY29kaW5nLmNvbS9za2V0Y2ggLS0+CiAgICA8ZGVzYz5DcmVhdGVkIHdpdGggU2tldGNoLjwvZGVzYz4KICAgIDxkZWZzPgogICAgICAgIDxwb2x5Z29uIGlkPSJwYXRoLTEiIHBvaW50cz0iNy44OTQ3MzY4NGUtMDUgMjQuOTY2NTc4OSAyNC45NjcxMDUzIDI0Ljk2NjU3ODkgMjQuOTY3MTA1MyAwLjAwMDEwNTI2MzE1OCA3Ljg5NDczNjg0ZS0wNSAwLjAwMDEwNTI2MzE1OCI+PC9wb2x5Z29uPgogICAgPC9kZWZzPgogICAgPGcgaWQ9IlBhZ2UtMSIgc3Ryb2tlPSJub25lIiBzdHJva2Utd2lkdGg9IjEiIGZpbGw9Im5vbmUiIGZpbGwtcnVsZT0iZXZlbm9kZCI+CiAgICAgICAgPGcgaWQ9IsSwbGV0acWfaW0iIHRyYW5zZm9ybT0idHJhbnNsYXRlKC03MzguMDAwMDAwLCAtOTA2LjAwMDAwMCkiPgogICAgICAgICAgICA8ZyBpZD0iUGFnZS0xIiB0cmFuc2Zvcm09InRyYW5zbGF0ZSg3MzguMDAwMDAwLCA5MDYuMDAwMDAwKSI+CiAgICAgICAgICAgICAgICA8bWFzayBpZD0ibWFzay0yIiBmaWxsPSJ3aGl0ZSI+CiAgICAgICAgICAgICAgICAgICAgPHVzZSB4bGluazpocmVmPSIjcGF0aC0xIj48L3VzZT4KICAgICAgICAgICAgICAgIDwvbWFzaz4KICAgICAgICAgICAgICAgIDxnIGlkPSJDbGlwLTIiPjwvZz4KICAgICAgICAgICAgICAgIDxwYXRoIGQ9Ik0xNi4xNDgyMzY4LDIyLjQ3Mzc4OTUgQzE2Ljc4NzQ0NzQsMjEuMTY2MTU3OSAxNy4yODkyODk1LDE5LjQ5ODI2MzIgMTcuNjE0NTUyNiwxNy42MTYxNTc5IEMxOS40OTgyMzY4LDE3LjI5MTQyMTEgMjEuMTY1ODY4NCwxNi43ODkzMTU4IDIyLjQ3Mzc2MzIsMTYuMTQ5NTc4OSBDMjEuMzk3NDQ3NCwxOS4wNzMgMTkuMDcyMTg0MiwyMS4zOTggMTYuMTQ4MjM2OCwyMi40NzM3ODk1IEwxNi4xNDgyMzY4LDIyLjQ3Mzc4OTUgWiBNMTEuMTQxOTIxMSwyMy4wMzY5NDc0IEwxMS4yNjI3MTA1LDIyLjkzNjQyMTEgQzEwLjM5MTM5NDcsMjEuODg5ODQyMSA5LjY5OTAyNjMyLDIwLjA4NDU3ODkgOS4yNjcxODQyMSwxNy44Nzg1MjYzIEMxMC4yOTg1LDE3Ljk4MTY4NDIgMTEuMzc0MDI2MywxOC4wMzg1MjYzIDEyLjQ4MzUsMTguMDM4NTI2MyBDMTMuNTg3OTczNywxOC4wMzg1MjYzIDE0LjY2NjM5NDcsMTcuOTgyNDczNyAxNS43MDEzOTQ3LDE3Ljg3NjQyMTEgQzE1LjIwMjk3MzcsMjAuMzg4NTI2MyAxNC4zOTUzNDIxLDIyLjE4MzI2MzIgMTMuNTg3NDQ3NCwyMy4wNjcyMTA1IEMxMy4yMjQyODk1LDIzLjEwNDU3ODkgMTIuODU1ODY4NCwyMy4xMjQ1Nzg5IDEyLjQ4MzIzNjgsMjMuMTI0NTc4OSBDMTIuMDI4NzYzMiwyMy4xMjQ1Nzg5IDExLjU4MTM5NDcsMjMuMDkyNzM2OCAxMS4xNDE5MjExLDIzLjAzNjk0NzQgTDExLjE0MTkyMTEsMjMuMDM2OTQ3NCBaIE0yLjQ5NTM0MjExLDE2LjE1NTEwNTMgQzMuODAyNDQ3MzcsMTYuNzk5ODQyMSA1LjQ2MjQ0NzM3LDE3LjI5OTA1MjYgNy4zNDg3NjMxNiwxNy42MjExNTc5IEM3LjY3MTkyMTA1LDE5LjUwMzc4OTUgOC4xNzI0NDczNywyMS4xNjQ4NDIxIDguODE1MzQyMTEsMjIuNDcyNzM2OCBDNS44OTQ4MTU3OSwyMS4zOTY5NDc0IDMuNTcyNDQ3MzcsMTkuMDc1MTA1MyAyLjQ5NTM0MjExLDE2LjE1NTEwNTMgTDIuNDk1MzQyMTEsMTYuMTU1MTA1MyBaIE04LjgxOTU1MjYzLDIuNDkyMjEwNTMgQzguMTgxMTMxNTgsMy43OTk4NDIxMSA3LjY3OTAyNjMyLDUuNDY4MjYzMTYgNy4zNTM1LDcuMzQ5ODQyMTEgQzUuNDY5NTUyNjMsNy42NzQ1Nzg5NSAzLjgwMTkyMTA1LDguMTc1ODk0NzQgMi40OTM3NjMxNiw4LjgxNTg5NDc0IEMzLjU3MDYwNTI2LDUuODkyMjEwNTMgNS44OTU4Njg0MiwzLjU2NzczNjg0IDguODE5NTUyNjMsMi40OTIyMTA1MyBMOC44MTk1NTI2MywyLjQ5MjIxMDUzIFogTTEzLjU4NjEzMTYsMS44OTkwNTI2MyBDMTQuMzk2OTIxMSwyLjc4NTM2ODQyIDE1LjIwNTM0MjEsNC41NzYxNTc4OSAxNS43MDMyMzY4LDcuMDkwMTA1MjYgQzE0LjY2ODUsNi45ODQ1Nzg5NSAxMy41ODkwMjYzLDYuOTI4NTI2MzIgMTIuNDgzNSw2LjkyODUyNjMyIEMxMS4zNzk1NTI2LDYuOTI4NTI2MzIgMTAuMzAxMzk0Nyw2Ljk4NDU3ODk1IDkuMjY3NzEwNTMsNy4wODk4NDIxMSBDOS43NjYzOTQ3NCw0LjU3OTg0MjExIDEwLjU3MzIzNjgsMi43ODA4OTQ3NCAxMS4zNzc5NzM3LDEuODk5NTc4OTUgQzExLjc0MTM5NDcsMS44NjE5NDczNyAxMi4xMTAwNzg5LDEuODQyMjEwNTMgMTIuNDgzMjM2OCwxLjg0MjIxMDUzIEMxMi44NTU2MDUzLDEuODQyMjEwNTMgMTMuMjIzNSwxLjg2MTY4NDIxIDEzLjU4NjEzMTYsMS44OTkwNTI2MyBMMTMuNTg2MTMxNiwxLjg5OTA1MjYzIFogTTIyLjQ3MzUsOC44MTY0MjEwNSBDMjEuMTY1ODY4NCw4LjE3NjQyMTA1IDE5LjQ5OTI4OTUsNy42NzQ4NDIxMSAxNy42MTU2MDUzLDcuMzQ5ODQyMTEgQzE3LjI5MDYwNTMsNS40Njc3MzY4NCAxNi43ODkwMjYzLDMuODAwODk0NzQgMTYuMTQ5NTUyNiwyLjQ5MzI2MzE2IEMxOS4wNzI0NDc0LDMuNTY5MzE1NzkgMjEuMzk2OTIxMSw1Ljg5MzUyNjMyIDIyLjQ3MzUsOC44MTY0MjEwNSBMMjIuNDczNSw4LjgxNjQyMTA1IFogTTE3Ljg3NjEzMTYsOS4yNjI0NzM2OCBDMjAuMzkyMTg0Miw5Ljc1OTMxNTc5IDIyLjE3OTAyNjMsMTAuNTY4IDIzLjA2ODIzNjgsMTEuMzgzNTI2MyBDMjMuMTA1MzQyMSwxMS43NDUzNjg0IDIzLjEyNTA3ODksMTIuMTEyMjEwNSAyMy4xMjUwNzg5LDEyLjQ4MzUyNjMgQzIzLjEyNTA3ODksMTIuODU1MTA1MyAyMy4xMDUzNDIxLDEzLjIyMjIxMDUgMjMuMDY4MjM2OCwxMy41ODQwNTI2IEMyMi4xODEzOTQ3LDE0LjM5Njk0NzQgMjAuMzkxMTMxNiwxNS4yMDU2MzE2IDE3Ljg3NTg2ODQsMTUuNzAzIEMxNy45ODI0NDc0LDE0LjY2Njk0NzQgMTguMDM4NzYzMiwxMy41ODcyMTA1IDE4LjAzODc2MzIsMTIuNDgzIEMxOC4wMzg3NjMyLDExLjM3ODI2MzIgMTcuOTgyNDQ3NCwxMC4yOTgyNjMyIDE3Ljg3NjEzMTYsOS4yNjI0NzM2OCBMMTcuODc2MTMxNiw5LjI2MjQ3MzY4IFogTTguNzcwNjA1MjYsMTIuNDgzIEM4Ljc3MDYwNTI2LDExLjIyMjczNjggOC44NDUzNDIxMSwxMC4wNTA4OTQ3IDguOTczNSw4Ljk3MTY4NDIxIEMxMC4wNTA4Njg0LDguODQ0ODQyMTEgMTEuMjIxMTMxNiw4Ljc3MDYzMTU4IDEyLjQ4MzUsOC43NzA2MzE1OCBDMTMuNzQ2NjU3OSw4Ljc3MDYzMTU4IDE0LjkxNzE4NDIsOC44NDQ4NDIxMSAxNS45OTQ1NTI2LDguOTcxNDIxMDUgQzE2LjEyMTkyMTEsMTAuMDQ5ODQyMSAxNi4xOTY2NTc5LDExLjIyMDg5NDcgMTYuMTk2NjU3OSwxMi40ODMgQzE2LjE5NjY1NzksMTMuNzQ0MzE1OCAxNi4xMjE2NTc5LDE0LjkxNTg5NDcgMTUuOTk0MDI2MywxNS45OTQ1Nzg5IEMxNC45MTYxMzE2LDE2LjEyMTY4NDIgMTMuNzQ1NjA1MywxNi4xOTYxNTc5IDEyLjQ4MzUsMTYuMTk2MTU3OSBDMTEuMjI0ODE1OCwxNi4xOTYxNTc5IDEwLjA1MzUsMTYuMTIxMTU3OSA4Ljk3NDI4OTQ3LDE1Ljk5MyBDOC44NDI3MTA1MywxNC44NzY2ODQyIDguNzcwNjA1MjYsMTMuNjk2MTU3OSA4Ljc3MDYwNTI2LDEyLjQ4MyBMOC43NzA2MDUyNiwxMi40ODMgWiBNMS45MDExMzE1OCwxMy42MDE5NDc0IEMxLjg2MjcxMDUzLDEzLjIzNDMxNTggMS44NDIxODQyMSwxMi44NjE0MjExIDEuODQyMTg0MjEsMTIuNDgzNTI2MyBDMS44NDIxODQyMSwxMi4xMTE5NDc0IDEuODYxNjU3ODksMTEuNzQ0NTc4OSAxLjg5OTAyNjMyLDExLjM4MjczNjggQzIuNzg3NDQ3MzcsMTAuNTY4MjYzMiA0LjU3NTYwNTI2LDkuNzU5ODQyMTEgNy4wOTEzOTQ3NCw5LjI2MjczNjg0IEM2Ljk4NDgxNTc5LDEwLjI5OTMxNTggNi45Mjg1LDExLjM3OTU3ODkgNi45Mjg1LDEyLjQ4MyBDNi45Mjg1LDEzLjU4ODUyNjMgNi45ODU4Njg0MiwxNC42NjQ1Nzg5IDcuMDkwMDc4OTUsMTUuNjk3NDczNyBDNC41ODc0NDczNywxNS4xOTk1Nzg5IDIuNzg3NzEwNTMsMTQuMzk2NDIxMSAxLjkwNjM5NDc0LDEzLjU5NjQyMTEgTDEuOTAxMTMxNTgsMTMuNjAxOTQ3NCBaIE0xMi40ODMyMzY4LDAuMDAwMTA1MjYzMTU4IEM1LjYwMDA3ODk1LDAuMDAwMTA1MjYzMTU4IDcuODk0NzM2ODRlLTA1LDUuNjAwMTA1MjYgNy44OTQ3MzY4NGUtMDUsMTIuNDgzNTI2MyBDNy44OTQ3MzY4NGUtMDUsMTkuMzY2Njg0MiA1LjYwMDA3ODk1LDI0Ljk2NjY4NDIgMTIuNDgzMjM2OCwyNC45NjY2ODQyIEMxOS4zNjY2NTc5LDI0Ljk2NjY4NDIgMjQuOTY3MTg0MiwxOS4zNjY2ODQyIDI0Ljk2NzE4NDIsMTIuNDgzNTI2MyBDMjQuOTY3MTg0Miw1LjYwMDEwNTI2IDE5LjM2NjY1NzksMC4wMDAxMDUyNjMxNTggMTIuNDgzMjM2OCwwLjAwMDEwNTI2MzE1OCBMMTIuNDgzMjM2OCwwLjAwMDEwNTI2MzE1OCBaIiBpZD0iRmlsbC0xIiBmaWxsPSIjMDA5QUM3IiBtYXNrPSJ1cmwoI21hc2stMikiPjwvcGF0aD4KICAgICAgICAgICAgPC9nPgogICAgICAgIDwvZz4KICAgIDwvZz4KPC9zdmc+Cg==\" alt=\"\" title=\"\">\u00a0 <a href=\"https:\/\/goo.gl\/maps\/Xr2MEebgi9BWtiUz7\" target=\"_blank\" rel=\"noopener\">Click for Map<\/a>[\/vc_column_text][vc_column_text css=&#8221;.vc_custom_1617702465870{margin-top: -25px !important;}&#8221;]<\/p>\n<h4>Warehouse and Technical Service<\/h4>\n<p>[\/vc_column_text][stm_contacts_widget style=&#8221;style_4&#8243; address=&#8221;Tomurcuk 1 Sokak No:5\/A Pk:34485 Huzur Mahallesi \u2013 Sar\u0131yer \u2013 \u0130stanbul&#8221; phone=&#8221;+90 212 289 24 23&#8243; email=&#8221;info@mack.com.tr&#8221; schedule=&#8221;Pazartesi &#8211; Cuma ( 08.00 &#8211; 17.00 )<br \/>\nCumartesi &#8211; Pazar (Kapal\u0131)&#8221;][vc_column_text]<img decoding=\"async\" src=\"data:image\/svg+xml;base64,PHN2ZyB3aWR0aD0iMjVweCIgaGVpZ2h0PSIyNXB4IiB2aWV3Qm94PSIwIDAgMjUgMjUiIHZlcnNpb249IjEuMSIgeG1sbnM9Imh0dHA6Ly93d3cudzMub3JnLzIwMDAvc3ZnIiB4bWxuczp4bGluaz0iaHR0cDovL3d3dy53My5vcmcvMTk5OS94bGluayI+CiAgICA8IS0tIEdlbmVyYXRvcjogU2tldGNoIDQ3ICg0NTM5NikgLSBodHRwOi8vd3d3LmJvaGVtaWFuY29kaW5nLmNvbS9za2V0Y2ggLS0+CiAgICA8ZGVzYz5DcmVhdGVkIHdpdGggU2tldGNoLjwvZGVzYz4KICAgIDxkZWZzPgogICAgICAgIDxwb2x5Z29uIGlkPSJwYXRoLTEiIHBvaW50cz0iNy44OTQ3MzY4NGUtMDUgMjQuOTY2NTc4OSAyNC45NjcxMDUzIDI0Ljk2NjU3ODkgMjQuOTY3MTA1MyAwLjAwMDEwNTI2MzE1OCA3Ljg5NDczNjg0ZS0wNSAwLjAwMDEwNTI2MzE1OCI+PC9wb2x5Z29uPgogICAgPC9kZWZzPgogICAgPGcgaWQ9IlBhZ2UtMSIgc3Ryb2tlPSJub25lIiBzdHJva2Utd2lkdGg9IjEiIGZpbGw9Im5vbmUiIGZpbGwtcnVsZT0iZXZlbm9kZCI+CiAgICAgICAgPGcgaWQ9IsSwbGV0acWfaW0iIHRyYW5zZm9ybT0idHJhbnNsYXRlKC03MzguMDAwMDAwLCAtOTA2LjAwMDAwMCkiPgogICAgICAgICAgICA8ZyBpZD0iUGFnZS0xIiB0cmFuc2Zvcm09InRyYW5zbGF0ZSg3MzguMDAwMDAwLCA5MDYuMDAwMDAwKSI+CiAgICAgICAgICAgICAgICA8bWFzayBpZD0ibWFzay0yIiBmaWxsPSJ3aGl0ZSI+CiAgICAgICAgICAgICAgICAgICAgPHVzZSB4bGluazpocmVmPSIjcGF0aC0xIj48L3VzZT4KICAgICAgICAgICAgICAgIDwvbWFzaz4KICAgICAgICAgICAgICAgIDxnIGlkPSJDbGlwLTIiPjwvZz4KICAgICAgICAgICAgICAgIDxwYXRoIGQ9Ik0xNi4xNDgyMzY4LDIyLjQ3Mzc4OTUgQzE2Ljc4NzQ0NzQsMjEuMTY2MTU3OSAxNy4yODkyODk1LDE5LjQ5ODI2MzIgMTcuNjE0NTUyNiwxNy42MTYxNTc5IEMxOS40OTgyMzY4LDE3LjI5MTQyMTEgMjEuMTY1ODY4NCwxNi43ODkzMTU4IDIyLjQ3Mzc2MzIsMTYuMTQ5NTc4OSBDMjEuMzk3NDQ3NCwxOS4wNzMgMTkuMDcyMTg0MiwyMS4zOTggMTYuMTQ4MjM2OCwyMi40NzM3ODk1IEwxNi4xNDgyMzY4LDIyLjQ3Mzc4OTUgWiBNMTEuMTQxOTIxMSwyMy4wMzY5NDc0IEwxMS4yNjI3MTA1LDIyLjkzNjQyMTEgQzEwLjM5MTM5NDcsMjEuODg5ODQyMSA5LjY5OTAyNjMyLDIwLjA4NDU3ODkgOS4yNjcxODQyMSwxNy44Nzg1MjYzIEMxMC4yOTg1LDE3Ljk4MTY4NDIgMTEuMzc0MDI2MywxOC4wMzg1MjYzIDEyLjQ4MzUsMTguMDM4NTI2MyBDMTMuNTg3OTczNywxOC4wMzg1MjYzIDE0LjY2NjM5NDcsMTcuOTgyNDczNyAxNS43MDEzOTQ3LDE3Ljg3NjQyMTEgQzE1LjIwMjk3MzcsMjAuMzg4NTI2MyAxNC4zOTUzNDIxLDIyLjE4MzI2MzIgMTMuNTg3NDQ3NCwyMy4wNjcyMTA1IEMxMy4yMjQyODk1LDIzLjEwNDU3ODkgMTIuODU1ODY4NCwyMy4xMjQ1Nzg5IDEyLjQ4MzIzNjgsMjMuMTI0NTc4OSBDMTIuMDI4NzYzMiwyMy4xMjQ1Nzg5IDExLjU4MTM5NDcsMjMuMDkyNzM2OCAxMS4xNDE5MjExLDIzLjAzNjk0NzQgTDExLjE0MTkyMTEsMjMuMDM2OTQ3NCBaIE0yLjQ5NTM0MjExLDE2LjE1NTEwNTMgQzMuODAyNDQ3MzcsMTYuNzk5ODQyMSA1LjQ2MjQ0NzM3LDE3LjI5OTA1MjYgNy4zNDg3NjMxNiwxNy42MjExNTc5IEM3LjY3MTkyMTA1LDE5LjUwMzc4OTUgOC4xNzI0NDczNywyMS4xNjQ4NDIxIDguODE1MzQyMTEsMjIuNDcyNzM2OCBDNS44OTQ4MTU3OSwyMS4zOTY5NDc0IDMuNTcyNDQ3MzcsMTkuMDc1MTA1MyAyLjQ5NTM0MjExLDE2LjE1NTEwNTMgTDIuNDk1MzQyMTEsMTYuMTU1MTA1MyBaIE04LjgxOTU1MjYzLDIuNDkyMjEwNTMgQzguMTgxMTMxNTgsMy43OTk4NDIxMSA3LjY3OTAyNjMyLDUuNDY4MjYzMTYgNy4zNTM1LDcuMzQ5ODQyMTEgQzUuNDY5NTUyNjMsNy42NzQ1Nzg5NSAzLjgwMTkyMTA1LDguMTc1ODk0NzQgMi40OTM3NjMxNiw4LjgxNTg5NDc0IEMzLjU3MDYwNTI2LDUuODkyMjEwNTMgNS44OTU4Njg0MiwzLjU2NzczNjg0IDguODE5NTUyNjMsMi40OTIyMTA1MyBMOC44MTk1NTI2MywyLjQ5MjIxMDUzIFogTTEzLjU4NjEzMTYsMS44OTkwNTI2MyBDMTQuMzk2OTIxMSwyLjc4NTM2ODQyIDE1LjIwNTM0MjEsNC41NzYxNTc4OSAxNS43MDMyMzY4LDcuMDkwMTA1MjYgQzE0LjY2ODUsNi45ODQ1Nzg5NSAxMy41ODkwMjYzLDYuOTI4NTI2MzIgMTIuNDgzNSw2LjkyODUyNjMyIEMxMS4zNzk1NTI2LDYuOTI4NTI2MzIgMTAuMzAxMzk0Nyw2Ljk4NDU3ODk1IDkuMjY3NzEwNTMsNy4wODk4NDIxMSBDOS43NjYzOTQ3NCw0LjU3OTg0MjExIDEwLjU3MzIzNjgsMi43ODA4OTQ3NCAxMS4zNzc5NzM3LDEuODk5NTc4OTUgQzExLjc0MTM5NDcsMS44NjE5NDczNyAxMi4xMTAwNzg5LDEuODQyMjEwNTMgMTIuNDgzMjM2OCwxLjg0MjIxMDUzIEMxMi44NTU2MDUzLDEuODQyMjEwNTMgMTMuMjIzNSwxLjg2MTY4NDIxIDEzLjU4NjEzMTYsMS44OTkwNTI2MyBMMTMuNTg2MTMxNiwxLjg5OTA1MjYzIFogTTIyLjQ3MzUsOC44MTY0MjEwNSBDMjEuMTY1ODY4NCw4LjE3NjQyMTA1IDE5LjQ5OTI4OTUsNy42NzQ4NDIxMSAxNy42MTU2MDUzLDcuMzQ5ODQyMTEgQzE3LjI5MDYwNTMsNS40Njc3MzY4NCAxNi43ODkwMjYzLDMuODAwODk0NzQgMTYuMTQ5NTUyNiwyLjQ5MzI2MzE2IEMxOS4wNzI0NDc0LDMuNTY5MzE1NzkgMjEuMzk2OTIxMSw1Ljg5MzUyNjMyIDIyLjQ3MzUsOC44MTY0MjEwNSBMMjIuNDczNSw4LjgxNjQyMTA1IFogTTE3Ljg3NjEzMTYsOS4yNjI0NzM2OCBDMjAuMzkyMTg0Miw5Ljc1OTMxNTc5IDIyLjE3OTAyNjMsMTAuNTY4IDIzLjA2ODIzNjgsMTEuMzgzNTI2MyBDMjMuMTA1MzQyMSwxMS43NDUzNjg0IDIzLjEyNTA3ODksMTIuMTEyMjEwNSAyMy4xMjUwNzg5LDEyLjQ4MzUyNjMgQzIzLjEyNTA3ODksMTIuODU1MTA1MyAyMy4xMDUzNDIxLDEzLjIyMjIxMDUgMjMuMDY4MjM2OCwxMy41ODQwNTI2IEMyMi4xODEzOTQ3LDE0LjM5Njk0NzQgMjAuMzkxMTMxNiwxNS4yMDU2MzE2IDE3Ljg3NTg2ODQsMTUuNzAzIEMxNy45ODI0NDc0LDE0LjY2Njk0NzQgMTguMDM4NzYzMiwxMy41ODcyMTA1IDE4LjAzODc2MzIsMTIuNDgzIEMxOC4wMzg3NjMyLDExLjM3ODI2MzIgMTcuOTgyNDQ3NCwxMC4yOTgyNjMyIDE3Ljg3NjEzMTYsOS4yNjI0NzM2OCBMMTcuODc2MTMxNiw5LjI2MjQ3MzY4IFogTTguNzcwNjA1MjYsMTIuNDgzIEM4Ljc3MDYwNTI2LDExLjIyMjczNjggOC44NDUzNDIxMSwxMC4wNTA4OTQ3IDguOTczNSw4Ljk3MTY4NDIxIEMxMC4wNTA4Njg0LDguODQ0ODQyMTEgMTEuMjIxMTMxNiw4Ljc3MDYzMTU4IDEyLjQ4MzUsOC43NzA2MzE1OCBDMTMuNzQ2NjU3OSw4Ljc3MDYzMTU4IDE0LjkxNzE4NDIsOC44NDQ4NDIxMSAxNS45OTQ1NTI2LDguOTcxNDIxMDUgQzE2LjEyMTkyMTEsMTAuMDQ5ODQyMSAxNi4xOTY2NTc5LDExLjIyMDg5NDcgMTYuMTk2NjU3OSwxMi40ODMgQzE2LjE5NjY1NzksMTMuNzQ0MzE1OCAxNi4xMjE2NTc5LDE0LjkxNTg5NDcgMTUuOTk0MDI2MywxNS45OTQ1Nzg5IEMxNC45MTYxMzE2LDE2LjEyMTY4NDIgMTMuNzQ1NjA1MywxNi4xOTYxNTc5IDEyLjQ4MzUsMTYuMTk2MTU3OSBDMTEuMjI0ODE1OCwxNi4xOTYxNTc5IDEwLjA1MzUsMTYuMTIxMTU3OSA4Ljk3NDI4OTQ3LDE1Ljk5MyBDOC44NDI3MTA1MywxNC44NzY2ODQyIDguNzcwNjA1MjYsMTMuNjk2MTU3OSA4Ljc3MDYwNTI2LDEyLjQ4MyBMOC43NzA2MDUyNiwxMi40ODMgWiBNMS45MDExMzE1OCwxMy42MDE5NDc0IEMxLjg2MjcxMDUzLDEzLjIzNDMxNTggMS44NDIxODQyMSwxMi44NjE0MjExIDEuODQyMTg0MjEsMTIuNDgzNTI2MyBDMS44NDIxODQyMSwxMi4xMTE5NDc0IDEuODYxNjU3ODksMTEuNzQ0NTc4OSAxLjg5OTAyNjMyLDExLjM4MjczNjggQzIuNzg3NDQ3MzcsMTAuNTY4MjYzMiA0LjU3NTYwNTI2LDkuNzU5ODQyMTEgNy4wOTEzOTQ3NCw5LjI2MjczNjg0IEM2Ljk4NDgxNTc5LDEwLjI5OTMxNTggNi45Mjg1LDExLjM3OTU3ODkgNi45Mjg1LDEyLjQ4MyBDNi45Mjg1LDEzLjU4ODUyNjMgNi45ODU4Njg0MiwxNC42NjQ1Nzg5IDcuMDkwMDc4OTUsMTUuNjk3NDczNyBDNC41ODc0NDczNywxNS4xOTk1Nzg5IDIuNzg3NzEwNTMsMTQuMzk2NDIxMSAxLjkwNjM5NDc0LDEzLjU5NjQyMTEgTDEuOTAxMTMxNTgsMTMuNjAxOTQ3NCBaIE0xMi40ODMyMzY4LDAuMDAwMTA1MjYzMTU4IEM1LjYwMDA3ODk1LDAuMDAwMTA1MjYzMTU4IDcuODk0NzM2ODRlLTA1LDUuNjAwMTA1MjYgNy44OTQ3MzY4NGUtMDUsMTIuNDgzNTI2MyBDNy44OTQ3MzY4NGUtMDUsMTkuMzY2Njg0MiA1LjYwMDA3ODk1LDI0Ljk2NjY4NDIgMTIuNDgzMjM2OCwyNC45NjY2ODQyIEMxOS4zNjY2NTc5LDI0Ljk2NjY4NDIgMjQuOTY3MTg0MiwxOS4zNjY2ODQyIDI0Ljk2NzE4NDIsMTIuNDgzNTI2MyBDMjQuOTY3MTg0Miw1LjYwMDEwNTI2IDE5LjM2NjY1NzksMC4wMDAxMDUyNjMxNTggMTIuNDgzMjM2OCwwLjAwMDEwNTI2MzE1OCBMMTIuNDgzMjM2OCwwLjAwMDEwNTI2MzE1OCBaIiBpZD0iRmlsbC0xIiBmaWxsPSIjMDA5QUM3IiBtYXNrPSJ1cmwoI21hc2stMikiPjwvcGF0aD4KICAgICAgICAgICAgPC9nPgogICAgICAgIDwvZz4KICAgIDwvZz4KPC9zdmc+Cg==\" alt=\"\" title=\"\"> <a href=\"https:\/\/goo.gl\/maps\/dBAamUnz1TbdZuKG9\" target=\"_blank\" rel=\"noopener\">Click for Map<\/a>[\/vc_column_text][\/vc_column][vc_column width=&#8221;1\/2&#8243; css=&#8221;.vc_custom_1584599308443{margin-top: 15px !important;}&#8221;][vc_column_text]<\/p>\n<h3>Contact Form<\/h3>\n<div class=\"vc_row wpb_row vc_row-fluid\">\n<div class=\"wpb_column vc_column_container vc_col-sm-12\">\n<div class=\"vc_column-inner \">\n<div class=\"wpb_wrapper\">\n<div class=\"vc_message_box vc_message_box-standard vc_message_box-rounded vc_color-info\">\n<p><span style=\"font-size: 10pt;\">Mack is a bag brand that has adopted the principle of producing quality products with its expert staff. Prioritizing customer satisfaction, Mack offers high quality and durable bag options.<\/span><\/p>\n<p><span style=\"font-size: 10pt;\">If you want to discover Mack&#8217;s customer-oriented approach and wide product range, you can contact us.<\/span><\/p>\n<\/div>\n<\/div>\n<\/div>\n<\/div>\n<\/div>\n<p>[\/vc_column_text][vc_column_text css=&#8221;.vc_custom_1681294989814{margin-top: 10px !important;margin-bottom: 10px !important;border-top-width: 10px !important;border-bottom-width: 10px !important;padding-top: 10px !important;padding-bottom: 10px !important;}&#8221;]<span style=\"font-family: 'book antiqua', palatino, serif; font-size: 10pt; color: #003366;\">When you fill out and submit the form below, it will reach the authorized person and be evaluated.<\/span>[\/vc_column_text]<style id=\"wpforms-css-vars-9059\">\n\t\t\t\t#wpforms-9059 {\n\t\t\t\t--wpforms-field-size-input-height: 43px;\n--wpforms-field-size-input-spacing: 15px;\n--wpforms-field-size-font-size: 16px;\n--wpforms-field-size-line-height: 19px;\n--wpforms-field-size-padding-h: 14px;\n--wpforms-field-size-checkbox-size: 16px;\n--wpforms-field-size-sublabel-spacing: 5px;\n--wpforms-field-size-icon-size: 1;\n--wpforms-label-size-font-size: 16px;\n--wpforms-label-size-line-height: 19px;\n--wpforms-label-size-sublabel-font-size: 14px;\n--wpforms-label-size-sublabel-line-height: 17px;\n--wpforms-button-size-font-size: 17px;\n--wpforms-button-size-height: 41px;\n--wpforms-button-size-padding-h: 15px;\n--wpforms-button-size-margin-top: 10px;\n--wpforms-container-shadow-size-box-shadow: none;\n\t\t\t}\n\t\t\t<\/style><div class=\"wpforms-container wpforms-container-full wpforms-render-modern\" id=\"wpforms-9059\"><form id=\"wpforms-form-9059\" class=\"wpforms-validate wpforms-form wpforms-ajax-form\" data-formid=\"9059\" method=\"post\" enctype=\"multipart\/form-data\" action=\"\/en\/wp-json\/wp\/v2\/pages\/2905\" data-token=\"158adba103af1746e391bc4af5e69665\" data-token-time=\"1778354352\"><noscript class=\"wpforms-error-noscript\">Please enable JavaScript in your browser to complete this form.<\/noscript><div id=\"wpforms-error-noscript\" style=\"display: none;\">Please enable JavaScript in your browser to complete this form.<\/div><div class=\"wpforms-field-container\"><div id=\"wpforms-9059-field_0-container\" class=\"wpforms-field wpforms-field-name\" data-field-id=\"0\"><fieldset><legend class=\"wpforms-field-label wpforms-label-hide\" aria-hidden=\"false\">Ad ve Soyad <span class=\"wpforms-required-label\" aria-hidden=\"true\">*<\/span><\/legend><div class=\"wpforms-field-row wpforms-field-large\"><div class=\"wpforms-field-row-block wpforms-first wpforms-one-half\"><input type=\"text\" id=\"wpforms-9059-field_0\" class=\"wpforms-field-name-first wpforms-field-required\" name=\"wpforms[fields][0][first]\" placeholder=\"Ad \" aria-errormessage=\"wpforms-9059-field_0-error\" required><label for=\"wpforms-9059-field_0\" class=\"wpforms-field-sublabel after wpforms-sublabel-hide\">First<\/label><\/div><div class=\"wpforms-field-row-block wpforms-one-half\"><input type=\"text\" id=\"wpforms-9059-field_0-last\" class=\"wpforms-field-name-last wpforms-field-required\" name=\"wpforms[fields][0][last]\" placeholder=\"Soyad\" aria-errormessage=\"wpforms-9059-field_0-last-error\" required><label for=\"wpforms-9059-field_0-last\" class=\"wpforms-field-sublabel after wpforms-sublabel-hide\">Last<\/label><\/div><\/div><\/fieldset><\/div><div id=\"wpforms-9059-field_5-container\" class=\"wpforms-field wpforms-field-email\" data-field-id=\"5\"><label class=\"wpforms-field-label wpforms-label-hide\" for=\"wpforms-9059-field_5\" aria-hidden=\"false\">E-posta Adresi <span class=\"wpforms-required-label\" aria-hidden=\"true\">*<\/span><\/label><input type=\"email\" id=\"wpforms-9059-field_5\" class=\"wpforms-field-large wpforms-field-required\" name=\"wpforms[fields][5]\" placeholder=\"E-posta Adresi\" spellcheck=\"false\" aria-errormessage=\"wpforms-9059-field_5-error\" required><\/div><div id=\"wpforms-9059-field_2-container\" class=\"wpforms-field wpforms-field-textarea\" data-field-id=\"2\"><label class=\"wpforms-field-label wpforms-label-hide\" for=\"wpforms-9059-field_2\" aria-hidden=\"false\">Comment or Message <span class=\"wpforms-required-label\" aria-hidden=\"true\">*<\/span><\/label><textarea id=\"wpforms-9059-field_2\" class=\"wpforms-field-medium wpforms-field-required\" name=\"wpforms[fields][2]\" placeholder=\"Mesaj\u0131n\u0131z\" aria-errormessage=\"wpforms-9059-field_2-error\" required><\/textarea><\/div><div id=\"wpforms-9059-field_4-container\" class=\"wpforms-field wpforms-field-checkbox\" data-field-id=\"4\"><fieldset><legend class=\"wpforms-field-label wpforms-label-hide\" aria-hidden=\"false\">Onay kutular\u0131 <span class=\"wpforms-required-label\" aria-hidden=\"true\">*<\/span><\/legend><ul id=\"wpforms-9059-field_4\" class=\"wpforms-field-required\"><li class=\"choice-1 depth-1\"><input type=\"checkbox\" id=\"wpforms-9059-field_4_1\" name=\"wpforms[fields][4][]\" value=\"&lt;a href=&quot;#&quot; class=&quot;popmake-9106&quot;&gt;\u0130leti\u015fim Formu Ayd\u0131nlatma Metnini okudum, onayl\u0131yorum.&lt;\/a&gt;\" aria-errormessage=\"wpforms-9059-field_4_1-error\" required ><label class=\"wpforms-field-label-inline\" for=\"wpforms-9059-field_4_1\"><a href=\"#\" class=\"popmake-9106\">\u0130leti\u015fim Formu Ayd\u0131nlatma Metnini okudum, onayl\u0131yorum.<\/a><\/label><\/li><\/ul><\/fieldset><\/div><\/div><!-- .wpforms-field-container --><div class=\"wpforms-recaptcha-container wpforms-is-recaptcha wpforms-is-recaptcha-type-v3\" ><input type=\"hidden\" name=\"wpforms[recaptcha]\" value=\"\"><\/div><div class=\"wpforms-submit-container\" ><input type=\"hidden\" name=\"wpforms[id]\" value=\"9059\"><input type=\"hidden\" name=\"page_title\" value=\"\"><input type=\"hidden\" name=\"page_url\" value=\"https:\/\/www.mack.com.tr\/en\/wp-json\/wp\/v2\/pages\/2905\"><input type=\"hidden\" name=\"url_referer\" value=\"\"><button type=\"submit\" name=\"wpforms[submit]\" id=\"wpforms-submit-9059\" class=\"wpforms-submit\" data-alt-text=\"Form g\u00f6nderiliyor...\" data-submit-text=\"G\u00f6nder\" aria-live=\"assertive\" value=\"wpforms-submit\">G\u00f6nder<\/button><img loading=\"lazy\" decoding=\"async\" src=\"https:\/\/www.mack.com.tr\/wp-content\/plugins\/wpforms\/assets\/images\/submit-spin.svg\" class=\"wpforms-submit-spinner\" style=\"display: none;\" width=\"26\" height=\"26\" alt=\"Loading\" title=\"\"><\/div><\/form><\/div>  <!-- .wpforms-container -->[\/vc_column][\/vc_row][vc_row full_width=&#8221;stretch_row&#8221; el_class=&#8221;third_bg_color&#8221; css=&#8221;.vc_custom_1681295221650{margin-top: 25px !important;margin-bottom: -60px !important;}&#8221;][vc_column][vc_cta h2=&#8221;\u201cmakes life easier!\u201d&#8221; h2_font_container=&#8221;tag:h2|font_size:20px|text_align:left|line_height:24px&#8221; h2_use_theme_fonts=&#8221;yes&#8221; shape=&#8221;square&#8221; style=&#8221;flat&#8221; add_button=&#8221;right&#8221; btn_title=&#8221;Product Catalogue&#8221; btn_style=&#8221;flat&#8221; btn_color=&#8221;theme_style_2&#8243; btn_align=&#8221;right&#8221; btn_i_align=&#8221;right&#8221; btn_i_icon_fontawesome=&#8221;fas fa-angle-right&#8221; use_custom_fonts_h2=&#8221;true&#8221; btn_button_block=&#8221;true&#8221; btn_add_icon=&#8221;true&#8221; el_class=&#8221;third_bg_color&#8221; css=&#8221;.vc_custom_1680172659109{margin-bottom: 0px !important;}&#8221; btn_link=&#8221;url:https%3A%2F%2Fwww.mack.com.tr%2Fwp-content%2Fuploads%2Fkatalog%2F2023%2520Mack%2520Katalog.pdf|title:Pdf%20Product%20Catalog|target:_blank|&#8221;][\/vc_cta][\/vc_column][\/vc_row]<\/p>\n<\/div>","protected":false},"excerpt":{"rendered":"<p>[vc_row full_width=&#8221;stretch_row&#8221; el_class=&#8221;third_bg_color&#8221; css=&#8221;.vc_custom_1543498131984{margin-top: 30px !important;margin-bottom: -60px !important;}&#8221;][vc_column offset=&#8221;vc_hidden-lg vc_hidden-md vc_hidden-sm vc_hidden-xs&#8221;][vc_custom_heading text=&#8221;Contact Form&#8221; font_container=&#8221;tag:h1|text_align:left&#8221;][\/vc_column][\/vc_row][vc_row css=&#8221;.vc_custom_1657095568460{margin-top: 15px !important;}&#8221;][vc_column width=&#8221;1\/2&#8243; css=&#8221;.vc_custom_1584614262567{margin-top: 15px !important;}&#8221;][vc_column_text] Our Addresses Mack Bag T\u00fcrkiye Contact Information[\/vc_column_text][vc_column_text css=&#8221;.vc_custom_1584618910135{margin-top: -25px !important;}&#8221;] Headquarters [\/vc_column_text][stm_contacts_widget style=&#8221;style_4&#8243; address=&#8221;Sultan Selim Mah. Turan Sokak No:21\/3 Pk:34415 Ka\u011f\u0131thane \/ \u0130stanbul&#8221; phone=&#8221;+90 212 281 54 44&#8243; fax=&#8221;+90 212 281 56 81&#8243;<\/p>\n","protected":false},"author":1,"featured_media":0,"parent":0,"menu_order":0,"comment_status":"closed","ping_status":"closed","template":"","meta":{"_acf_changed":false,"footnotes":""},"class_list":["post-2905","page","type-page","status-publish","hentry"],"acf":[],"_links":{"self":[{"href":"https:\/\/www.mack.com.tr\/en\/wp-json\/wp\/v2\/pages\/2905","targetHints":{"allow":["GET"]}}],"collection":[{"href":"https:\/\/www.mack.com.tr\/en\/wp-json\/wp\/v2\/pages"}],"about":[{"href":"https:\/\/www.mack.com.tr\/en\/wp-json\/wp\/v2\/types\/page"}],"author":[{"embeddable":true,"href":"https:\/\/www.mack.com.tr\/en\/wp-json\/wp\/v2\/users\/1"}],"replies":[{"embeddable":true,"href":"https:\/\/www.mack.com.tr\/en\/wp-json\/wp\/v2\/comments?post=2905"}],"version-history":[{"count":0,"href":"https:\/\/www.mack.com.tr\/en\/wp-json\/wp\/v2\/pages\/2905\/revisions"}],"wp:attachment":[{"href":"https:\/\/www.mack.com.tr\/en\/wp-json\/wp\/v2\/media?parent=2905"}],"curies":[{"name":"wp","href":"https:\/\/api.w.org\/{rel}","templated":true}]}}